{"id":18,"date":"2012-01-05T18:14:24","date_gmt":"2012-01-05T18:14:24","guid":{"rendered":"http:\/\/www.smalsparigt.org\/?page_id=18"},"modified":"2017-04-20T11:41:01","modified_gmt":"2017-04-20T11:41:01","slug":"forumet","status":"publish","type":"page","link":"https:\/\/smalsparigt.org\/?page_id=18","title":{"rendered":"Forumet"},"content":{"rendered":"<p>F\u00f6r att komma till forumet som <strong>G\u00e4st<\/strong> och ta del av en begr\u00e4nsad del av forumet, utan att kunna posta n\u00e5gra inl\u00e4gg, kan du klicka p\u00e5 texten nedan:<\/p>\n<p><a title=\"Till forumet som G\u00e4st!\" href=\"http:\/\/www.smalsparigt.org\/forum-tre-punkt-ett\/phpBB3\/\">Smalsp\u00e5rsfr\u00e4mjandets diskussionsforum<\/a><\/p>\n<h3>Viktig information om nyregistreringar<\/h3>\n<p>P\u00e5 grund av spam och internet-troll g\u00e5r\u00a0det numera\u00a0inte att sj\u00e4lv\u00a0l\u00e4gga upp ett\u00a0konto\u00a0p\u00e5 en g\u00e5ng. Ist\u00e4llet anv\u00e4nds ett kontaktformul\u00e4r f\u00f6r att ans\u00f6ka om ett konto p\u00e5 forumet, detta konto\u00a0m\u00e5ste sedan\u00a0aktiveras av webbmaster. Vid eventuella oklarheter kommer webbmaster att ta kontakt via den uppgivna e-postadressen och kontot blir aktiverat f\u00f6rst n\u00e4r eventuella fr\u00e5getecken r\u00e4tats ut. Vi ber om er f\u00f6rst\u00e5else f\u00f6r dessa extraordin\u00e4ra \u00e5tg\u00e4rder som vi har bed\u00f6mt \u00e4r n\u00f6dv\u00e4ndiga f\u00f6r att kunna uppr\u00e4tth\u00e5lla den trevliga atmosf\u00e4r vi \u00e4r vana vid p\u00e5 Forumet. L\u00e4nk till detta ans\u00f6kningsformul\u00e4r finns l\u00e4ngst ner p\u00e5 denna sida!<\/p>\n<h2>Forumregler f\u00f6r Mjf Smalsp\u00e5rsfr\u00e4mjandet<\/h2>\n<p>Grunden f\u00f6r detta forum \u00e4r att man i en positiv anda ska kunna diskutera med andra modellrallare i fr\u00e5gor som ber\u00f6r v\u00e5r hobby eller dess f\u00f6rebilder. Man kan \u00e4ven st\u00e4lla fr\u00e5gor till eller delge forumets medlemmar information och erfarenheter som \u00e4r av intresse n\u00e4r det g\u00e4ller v\u00e5r hobby.<\/p>\n<p>I forumet f\u00f6rv\u00e4ntas alla visa respekt gentemot s\u00e5v\u00e4l forumets medlemmar, andra personer och tillverkare\/f\u00f6retag. Inl\u00e4gg ska vara sakliga och man ska h\u00e5lla sig till \u00e4mnet i respektive tr\u00e5d.<\/p>\n<p>Alla inl\u00e4gg ska f\u00f6lja svenska lagar och f\u00f6reskrifter. Vi vill speciellt p\u00e5peka att man ska vara f\u00f6rsiktig s\u00e5 att man inte publicerar material s\u00e5 att det bryter mot upphovsr\u00e4tten. Det finns m\u00f6jlighet att l\u00e4nka till andra webbplatser och bilder som \u00e4r publicerade.<\/p>\n<p>Anv\u00e4nd ditt sunda f\u00f6rnuft om vad som \u00e4r l\u00e4mpligt att skriva. Om du tror att ditt inl\u00e4gg kan uppfattas som kontroversiellt, tag dig d\u00e5 en dags fundering innan du postar det. En god regel \u00e4r att det man skriver ska kunna s\u00e4gas \u00f6ga mot \u00f6ga till den det ber\u00f6r. Forumet \u00e4r till f\u00f6r att vi ska hj\u00e4lpa varandra och inte f\u00f6r att stj\u00e4lpa. \u00c4r du os\u00e4ker p\u00e5 om ditt inl\u00e4gg f\u00f6ljer forumets riktlinjer, kontakta d\u00e5 webbmastern och v\u00e4nta tills du f\u00e5r ett klartecken fr\u00e5n denne.<\/p>\n<p>Det \u00e4r till\u00e5tet f\u00f6r tillverkare\/f\u00f6rlag\/\u00e5terf\u00f6rs\u00e4ljare som tillverkar eller s\u00e4ljer produkter som \u00e4r av intresse f\u00f6r medlemmarnas mj-hobby att kortfattat informera om nyheter p\u00e5 forumet. F\u00f6r mer omfattande information finns den utm\u00e4rkta m\u00f6jligheten att annonsera i tidning Smalsp\u00e5rigt. Vid os\u00e4kerhet om vad som kan anses som acceptabelt, kontakta webbmastern.<\/p>\n<p>Smalsp\u00e5rsfr\u00e4mjandets webbmaster tar ansvar f\u00f6r vad som skrivs p\u00e5 detta forum. Andra forum tar ansvar f\u00f6r vad som skrivs p\u00e5 dem. Synpunkter p\u00e5 l\u00e4mpligheten om inl\u00e4gg i andra forum ska d\u00e4rf\u00f6r inte avhandlas p\u00e5 v\u00e5rt forum. D\u00e4remot kan man givetvis referera eller l\u00e4nka till inl\u00e4gg i andra forum som har relevans f\u00f6r v\u00e5r hobby.<\/p>\n<p>Enskilda diskussioner som bara ber\u00f6r tv\u00e5 personer och deras mellanhavanden f\u00e5r inte f\u00f6ras p\u00e5 detta forum. Detsamma g\u00e4ller enskilda \u00e4renden med en n\u00e4ringsidkare.<\/p>\n<p>Webbmastern kan radera inl\u00e4gg som den anser bryter mot den goda konstruktiva ton som vi vill ska g\u00e4lla i forumet eller som inte anses vara relevanta f\u00f6r detta forum. Synpunkter g\u00e4llande publicerade inl\u00e4gg eller raderade inl\u00e4gg ska st\u00e4llas till webbmastern och inte p\u00e5 detta forum eller n\u00e5got annat forum.<\/p>\n<p>Forummedlem som bryter mot ovanst\u00e5ende riktlinjer erh\u00e5ller en varning till den vid registreringen uppgivna e-postadressen. Om medlemmen efter detta forts\u00e4tter att bryta mot riktlinjerna, kommer denna att efter styrelsebeslut att avst\u00e4ngas fr\u00e5n forumet f\u00f6r kortare eller l\u00e4ngre tid.<\/p>\n<h3>Inloggning<\/h3>\n<p>Smalsp\u00e5rsfr\u00e4mjandets forum kr\u00e4ver inloggning f\u00f6r att f\u00e5 posta inl\u00e4gg. Det g\u00e5r dock bra att l\u00e4sa inl\u00e4gg utan att vara inloggad. Ett tips till er som tycker det \u00e4r jobbigt att skriva in anv\u00e4ndare och l\u00f6sen, \u00e4r att vid f\u00f6rsta inloggningen kryssa i \u201dlogga in mig automatiskt\u201d. D\u00e5 de flesta webbl\u00e4sare hanterar automatisk inloggning loggas man d\u00e4refter in direkt vid efterf\u00f6ljande bes\u00f6k p\u00e5 forumet.<\/p>\n<h3>Registrering<\/h3>\n<p>Det \u00e4r f\u00f6reningens \u00f6nskan om forumdeltagarna i m\u00f6jligaste m\u00e5n registrerar sig med f\u00f6r och efternamn, i.o.m att man d\u00e5 vet vem som skrivit vad, och vid m\u00f6ten etc. kan f\u00e5 ett ansikte p\u00e5 den som skriver p\u00e5 forumet. En annan f\u00f6rdel med detta \u00e4r att man via forumets deltagarlista (finns under knappen medlemmar), f\u00e5r n\u00e5got som liknar en medlemsmatrikel.<\/p>\n<h3>Om diskussionstonen p\u00e5 forumet<\/h3>\n<p>Alla inl\u00e4gg (utom n\u00e5gon promille) i forumet har hittills h\u00e5llit en trevlig och sansad ton, forts\u00e4tt s\u00e5! Skriv inte svar d\u00e5 du \u00e4r m\u00f6rk i sinnet om du reagerar starkt p\u00e5 ett inl\u00e4gg utan v\u00e4nta en stund i s\u00e5 fall. En god regel \u00e4r att det man skriver ska kunna s\u00e4gas \u00f6ga mot \u00f6ga till den det ber\u00f6r.<\/p>\n<h3>Ans\u00f6kan om medlemskap p\u00e5 Smalsp\u00e5rsfr\u00e4mjandets diskussionsforum<\/h3>\n<p>Genom att klicka p\u00e5 l\u00e4nken nedan och fylla ans\u00f6kningsformul\u00e4ret intygar jag att jag har l\u00e4st, f\u00f6rst\u00e5tt och kommer att f\u00f6lja ovanst\u00e5ende regler och information!<\/p>\n<p><a title=\"Ans\u00f6knngsformul\u00e4r\" href=\"http:\/\/www.smalsparigt.org\/?page_id=1488\"><em><strong>Till Ans\u00f6kningsformul\u00e4ret!<\/strong><\/em><\/a><\/p>\n<p>&nbsp;<\/p>\n<p><a href=\"http:\/\/smalsparigt.org\/wp-content\/uploads\/2012\/01\/090.jpg\"><img loading=\"lazy\" decoding=\"async\" class=\"aligncenter size-large wp-image-2473\" src=\"http:\/\/smalsparigt.org\/wp-content\/uploads\/2012\/01\/090-1024x768.jpg\" alt=\"\" width=\"600\" height=\"450\" srcset=\"https:\/\/smalsparigt.org\/wp-content\/uploads\/2012\/01\/090-1024x768.jpg 1024w, https:\/\/smalsparigt.org\/wp-content\/uploads\/2012\/01\/090-300x225.jpg 300w, https:\/\/smalsparigt.org\/wp-content\/uploads\/2012\/01\/090-768x576.jpg 768w\" sizes=\"auto, (max-width: 600px) 100vw, 600px\" \/><\/a><\/p>\n<p>&nbsp;<\/p>\n<p>&nbsp;<\/p>\n","protected":false},"excerpt":{"rendered":"<p>F\u00f6r att komma till forumet som G\u00e4st och ta del av en begr\u00e4nsad del av forumet, utan att kunna posta n\u00e5gra inl\u00e4gg, kan du klicka p\u00e5 texten nedan: Smalsp\u00e5rsfr\u00e4mjandets diskussionsforum Viktig information om nyregistreringar P\u00e5 grund av spam och internet-troll g\u00e5r\u00a0det numera\u00a0inte att sj\u00e4lv\u00a0l\u00e4gga upp ett\u00a0konto\u00a0p\u00e5 en g\u00e5ng. Ist\u00e4llet anv\u00e4nds ett kontaktformul\u00e4r f\u00f6r att ans\u00f6ka [&hellip;]<\/p>\n","protected":false},"author":1,"featured_media":0,"parent":0,"menu_order":20,"comment_status":"open","ping_status":"open","template":"","meta":{"footnotes":""},"class_list":["post-18","page","type-page","status-publish","hentry"],"_links":{"self":[{"href":"https:\/\/smalsparigt.org\/index.php?rest_route=\/wp\/v2\/pages\/18","targetHints":{"allow":["GET"]}}],"collection":[{"href":"https:\/\/smalsparigt.org\/index.php?rest_route=\/wp\/v2\/pages"}],"about":[{"href":"https:\/\/smalsparigt.org\/index.php?rest_route=\/wp\/v2\/types\/page"}],"author":[{"embeddable":true,"href":"https:\/\/smalsparigt.org\/index.php?rest_route=\/wp\/v2\/users\/1"}],"replies":[{"embeddable":true,"href":"https:\/\/smalsparigt.org\/index.php?rest_route=%2Fwp%2Fv2%2Fcomments&post=18"}],"version-history":[{"count":19,"href":"https:\/\/smalsparigt.org\/index.php?rest_route=\/wp\/v2\/pages\/18\/revisions"}],"predecessor-version":[{"id":2474,"href":"https:\/\/smalsparigt.org\/index.php?rest_route=\/wp\/v2\/pages\/18\/revisions\/2474"}],"wp:attachment":[{"href":"https:\/\/smalsparigt.org\/index.php?rest_route=%2Fwp%2Fv2%2Fmedia&parent=18"}],"curies":[{"name":"wp","href":"https:\/\/api.w.org\/{rel}","templated":true}]}}