{"id":2429,"date":"2017-04-01T13:48:20","date_gmt":"2017-04-01T13:48:20","guid":{"rendered":"http:\/\/smalsparigt.org\/?page_id=2429"},"modified":"2025-12-11T11:23:07","modified_gmt":"2025-12-11T11:23:07","slug":"smalsparigt","status":"publish","type":"page","link":"https:\/\/smalsparigt.org\/?page_id=2429","title":{"rendered":"Smalsp\u00e5rigt"},"content":{"rendered":"<h1 style=\"text-align: left;\"><strong>Sveriges B\u00c4STA MJ-tidning!<\/strong><\/h1>\n<p>Har du ett bidrag till n\u00e4sta nummer? Skicka det till redakt\u00f6ren h\u00e4r!<\/p>\n<p><a href=\"mailto:redaktion@smalsparigt.org\">redaktion@smalsparigt.org<\/a><\/p>\n<p>H\u00e4rmed meddelas att nr 4 2025 av Smalsp\u00e5rigt \u00e4r avl\u00e4mnad till tryckeriet och snart p\u00e5 v\u00e4g ut till er l\u00e4sare!<\/p>\n<p><a href=\"https:\/\/smalsparigt.org\/wp-content\/uploads\/2025\/12\/Smsp-Omslag-nr4-2025-L.png\"><img loading=\"lazy\" decoding=\"async\" class=\"aligncenter size-full wp-image-3988\" src=\"https:\/\/smalsparigt.org\/wp-content\/uploads\/2025\/12\/Smsp-Omslag-nr4-2025-L.png\" alt=\"\" width=\"1133\" height=\"1603\" srcset=\"https:\/\/smalsparigt.org\/wp-content\/uploads\/2025\/12\/Smsp-Omslag-nr4-2025-L.png 1133w, https:\/\/smalsparigt.org\/wp-content\/uploads\/2025\/12\/Smsp-Omslag-nr4-2025-L-212x300.png 212w, https:\/\/smalsparigt.org\/wp-content\/uploads\/2025\/12\/Smsp-Omslag-nr4-2025-L-724x1024.png 724w, https:\/\/smalsparigt.org\/wp-content\/uploads\/2025\/12\/Smsp-Omslag-nr4-2025-L-768x1087.png 768w, https:\/\/smalsparigt.org\/wp-content\/uploads\/2025\/12\/Smsp-Omslag-nr4-2025-L-1086x1536.png 1086w\" sizes=\"auto, (max-width: 1133px) 100vw, 1133px\" \/><\/a><\/p>\n<p>V\u00e5r tidning utkommer 4 g\u00e5nger per \u00e5r och \u00e4r alltid efterl\u00e4ngtad av v\u00e5ra n\u00e4stan 700 medlemmar! Tidningen \u00e4r ideell och artiklar skrivs och skickas in av v\u00e5ra medlemmar till redaktionen. Inneh\u00e5llet varierar naturligtvis men byggtips och n\u00e5gon ritning finns med i n\u00e4stan varje nummer. Sidantalet brukar pendla mellan 24 och 32 sidor som alla trycks i f\u00e4rg!<\/p>\n<p>Har du n\u00e5got att bidra med s\u00e5 h\u00f6r av dig till redaktionen! Material i alla m\u00f6jliga format och utformningar tas emot och bearbetas efter behov till en artikel! B\u00e4st \u00e4r dock om du har en text som du arbetat igenom som du s\u00e4nder i textformat via e-mail till redaktionen. Bilder skickas i originaluppl\u00f6sning ocks\u00e5 g\u00e4rna via e-post. \u00c4r det fr\u00e5ga om stora filer s\u00e5 kan vi givetvis se till att ordna med en \u201dmolntj\u00e4nst\u201d som Dropbox, Google Drive eller liknande! Allt material \u00e4r dock v\u00e4lkommet, \u00e4ven det som s\u00e4nds in via post. I sistn\u00e4mnda fallet s\u00e5 anv\u00e4nder du f\u00f6ljande adress:<\/p>\n<p><a href=\"http:\/\/smalsparigt.org\/wp-content\/uploads\/2012\/01\/Image2.png\"><img loading=\"lazy\" decoding=\"async\" class=\"aligncenter size-full wp-image-1956\" src=\"http:\/\/smalsparigt.org\/wp-content\/uploads\/2012\/01\/Image2.png\" alt=\"\" width=\"665\" height=\"195\" srcset=\"https:\/\/smalsparigt.org\/wp-content\/uploads\/2012\/01\/Image2.png 665w, https:\/\/smalsparigt.org\/wp-content\/uploads\/2012\/01\/Image2-300x88.png 300w\" sizes=\"auto, (max-width: 665px) 100vw, 665px\" \/><\/a><\/p>\n<p>Vi tar ocks\u00e5 g\u00e4rna emot annonsmaterial! Annonserna\u00a0<a href=\"http:\/\/smalsparigt.org\/?page_id=28\">(Se denna sida)<\/a> vill vi att de ska vara genomarbetade och f\u00e4rdigsatta, och helst l\u00e4mnas in i PDF-fomat, d\u00e5 detta underl\u00e4ttar de ideella redakt\u00f6rernas arbete. Tidningen n\u00e5r n\u00e4stan 700 medlemmar, och ytterligare ett antal exemplar hittar intresserade och initierade l\u00e4sare via f\u00f6rs\u00e4ljningsst\u00e4llena. Upplagan \u00f6kar hela tiden, och annonspriserna \u00e4r humana! F\u00f6r storlekar och priser klicka p\u00e5 l\u00e4nken i menyn till v\u00e4nster. Annonsunderlaget skickas till:<\/p>\n<p><a href=\"mailto:annonser@smalsparigt.org\">annonser@smalsparigt.org<\/a><\/p>\n<p>Nedan f\u00f6ljer en prelimin\u00e4r \u00a0utgivningsplan f\u00f6r Smalsp\u00e5rigt (\u00e4ndringar kan f\u00f6rekomma och meddelas h\u00e4r!):<br \/>\nV\u00e5rnummer prel. vecka 14. Deadline f\u00f6r bidrag och annonser M\u00e5ndag vecka 10.<br \/>\nSommarnummer prel. vecka 25. Deadline f\u00f6r bidrag och annonser M\u00e5ndag vecka 21.<br \/>\nH\u00f6stnummer prel. vecka 40. Deadline f\u00f6r bidrag och annonser M\u00e5ndag vecka\u00a036.<br \/>\nVinternummer prel. vecka 51. Deadline f\u00f6r bidrag och annonser M\u00e5ndag vecka\u00a047.<\/p>\n<p>Desto tidigare redakt\u00f6ren f\u00f6r sig material tillhanda, desto st\u00f6rre m\u00f6jligheter att leverera en bra tidning! Samt\u00a0m\u00f6jligheter till att finjustera artiklar..!..<\/p>\n<p>Det b\u00e4sta s\u00e4ttet att bekanta sig med tidningen \u00e4r naturligtvis att bli medlem men den kan \u00e4ven k\u00f6pas p\u00e5 f\u00f6ljande st\u00e4llen:<\/p>\n<ul>\n<li><a href=\"https:\/\/web.archive.org\/web\/20160706203516\/http:\/\/www.hobbybokhandeln.biz\/\">Hobbybokhandeln (Stockholm)<\/a><\/li>\n<li><a href=\"https:\/\/web.archive.org\/web\/20160706203516\/http:\/\/www.wentzels.se\/\" target=\"_blank\" rel=\"noopener noreferrer\">Wentzels (Stockholm)<\/a><\/li>\n<li><a href=\"https:\/\/web.archive.org\/web\/20160706203516\/http:\/\/www.hobbycenter.se\/\" target=\"_blank\" rel=\"noopener noreferrer\">Hobbycenter (G\u00f6teborg)<\/a><\/li>\n<li><a href=\"https:\/\/web.archive.org\/web\/20160706203516\/http:\/\/www.stenvalls.com\/shop\/\" target=\"_blank\" rel=\"noopener noreferrer\">Frank Stenvalls F\u00f6rlag (Malm\u00f6)<\/a><\/li>\n<\/ul>\n","protected":false},"excerpt":{"rendered":"<p>Sveriges B\u00c4STA MJ-tidning! Har du ett bidrag till n\u00e4sta nummer? Skicka det till redakt\u00f6ren h\u00e4r! redaktion@smalsparigt.org H\u00e4rmed meddelas att nr 4 2025 av Smalsp\u00e5rigt \u00e4r avl\u00e4mnad till tryckeriet och snart p\u00e5 v\u00e4g ut till er l\u00e4sare! V\u00e5r tidning utkommer 4 g\u00e5nger per \u00e5r och \u00e4r alltid efterl\u00e4ngtad av v\u00e5ra n\u00e4stan 700 medlemmar! Tidningen \u00e4r ideell [&hellip;]<\/p>\n","protected":false},"author":1,"featured_media":0,"parent":0,"menu_order":10,"comment_status":"closed","ping_status":"closed","template":"","meta":{"footnotes":""},"class_list":["post-2429","page","type-page","status-publish","hentry"],"_links":{"self":[{"href":"https:\/\/smalsparigt.org\/index.php?rest_route=\/wp\/v2\/pages\/2429","targetHints":{"allow":["GET"]}}],"collection":[{"href":"https:\/\/smalsparigt.org\/index.php?rest_route=\/wp\/v2\/pages"}],"about":[{"href":"https:\/\/smalsparigt.org\/index.php?rest_route=\/wp\/v2\/types\/page"}],"author":[{"embeddable":true,"href":"https:\/\/smalsparigt.org\/index.php?rest_route=\/wp\/v2\/users\/1"}],"replies":[{"embeddable":true,"href":"https:\/\/smalsparigt.org\/index.php?rest_route=%2Fwp%2Fv2%2Fcomments&post=2429"}],"version-history":[{"count":50,"href":"https:\/\/smalsparigt.org\/index.php?rest_route=\/wp\/v2\/pages\/2429\/revisions"}],"predecessor-version":[{"id":3989,"href":"https:\/\/smalsparigt.org\/index.php?rest_route=\/wp\/v2\/pages\/2429\/revisions\/3989"}],"wp:attachment":[{"href":"https:\/\/smalsparigt.org\/index.php?rest_route=%2Fwp%2Fv2%2Fmedia&parent=2429"}],"curies":[{"name":"wp","href":"https:\/\/api.w.org\/{rel}","templated":true}]}}