{"id":441,"date":"2012-02-17T21:46:38","date_gmt":"2012-02-17T21:46:38","guid":{"rendered":"http:\/\/www.smalsparigt.org\/?page_id=441"},"modified":"2019-08-02T19:44:26","modified_gmt":"2019-08-02T19:44:26","slug":"forebilder","status":"publish","type":"page","link":"https:\/\/smalsparigt.org\/?page_id=441","title":{"rendered":"F\u00f6rebilder"},"content":{"rendered":"<!-- Beginning of Link Library Output --><div id='linklist1' class='linklist'><!-- Div Linklist -->\n<div class=\"LinkLibraryCat LinkLibraryCat170 level0\"><!-- Div Category --><div id=\"forebilder-2\"><!-- Div Category Name --><div class=\"linklistcatname\"><!-- Div Cat Name --><span class=\"linklistcatclass\">F\u00f6rebilder<\/span><\/div><!-- DivOrHeader --><\/div><!-- Div Category Name -->\n\t<ul>\n<li><a href=\"http:\/\/www.badger-creek.co.uk\/\" id=\"link-2774\" class=\"track_this_link \" rel=\"noopener noreferrer\" target=\"_blank\">Badger Creek Lumber<\/a><\/li>\n<li><a href=\"http:\/\/www.igg.org.uk\/gansg\/index.htm\" id=\"link-2801\" class=\"track_this_link \" rel=\"noopener noreferrer\" target=\"_blank\">Goods &amp; Not So Goods An overview of railway freight operations for modellers<\/a><\/li>\n<li><a href=\"http:\/\/www.jvmv.se\/\" id=\"link-2784\" class=\"track_this_link \" rel=\"noopener noreferrer\" target=\"_blank\">J\u00e4rnv\u00e4gsmusei v\u00e4nner<\/a><\/li>\n<li><a href=\"http:\/\/www.zelmeroz.com\/album_rail\/euro\/misc\/O&#038;K-Cat600.pdf\" id=\"link-2976\" class=\"track_this_link \" rel=\"noopener noreferrer\" target=\"_blank\">Orenstein &amp; Koppel General Export Catalogue<\/a><\/li>\n<li><a href=\"http:\/\/www.railtasmania.com\/\" id=\"link-2786\" class=\"track_this_link \" rel=\"noopener noreferrer\" target=\"_blank\">Rail tasmania<\/a><\/li>\n<li><a href=\"http:\/\/www.eber.se\/torn\/jvg\/index.html\" id=\"link-3059\" class=\"track_this_link \" rel=\"noopener noreferrer\" target=\"_blank\">Sk\u00e5nska vattentornss\u00e4llskapet &#8211; j\u00e4rnv\u00e4gsvattentorn<\/a><\/li>\n<li><a href=\"http:\/\/www.nth.se\/foto\/skylt2\/index.html\" id=\"link-2787\" class=\"track_this_link \" rel=\"noopener noreferrer\" target=\"_blank\">Utl\u00e4ndska loktillverkarskyltar<\/a><\/li>\n\t<\/ul>\n<\/div><!-- Div End Category -->\n<div class=\"LinkLibraryCat LinkLibraryCat223 level0\"><!-- Div Category --><div id=\"forebilder-danmark-2\"><!-- Div Category Name --><div class=\"linklistcatname\"><!-- Div Cat Name --><span class=\"linklistcatclass\">F\u00f6rebilder Danmark<\/span><\/div><!-- DivOrHeader --><\/div><!-- Div Category Name -->\n\t<ul>\n<li><a href=\"http:\/\/detfyenskesidespor.wordpress.com\/\" id=\"link-3050\" class=\"track_this_link \" rel=\"noopener noreferrer\" target=\"_blank\">Det fyenske sidespor<\/a><\/li>\n<li><a href=\"http:\/\/jernbaner-nordjylland.dk\/\" id=\"link-3049\" class=\"track_this_link \" rel=\"noopener noreferrer\" target=\"_blank\">Nordjyllands jernbaner<\/a><\/li>\n\t<\/ul>\n<\/div><!-- Div End Category -->\n<div class=\"LinkLibraryCat LinkLibraryCat219 level0\"><!-- Div Category --><div id=\"forebilder-storbritannien-2\"><!-- Div Category Name --><div class=\"linklistcatname\"><!-- Div Cat Name --><span class=\"linklistcatclass\">F\u00f6rebilder Storbritannien<\/span><\/div><!-- DivOrHeader --><\/div><!-- Div Category Name -->\n\t<ul>\n<li><a href=\"https:\/\/www.hfstephens-museum.org.uk\/\" id=\"link-3103\" class=\"track_this_link \" rel=\"noopener noreferrer\" target=\"_blank\">Colonel Stephens Railway Museum<\/a><\/li>\n<li><a href=\"http:\/\/www.penmorfa.com\/Slate\/index.htm\" id=\"link-3032\" class=\"track_this_link \" rel=\"noopener noreferrer\" target=\"_blank\">The Slate Industry of North and Mid Wales<\/a><\/li>\n<li><a href=\"http:\/\/www.penmorfa.com\/Slate\/\" id=\"link-3051\" class=\"track_this_link \" rel=\"noopener noreferrer\" target=\"_blank\">The Slate Industry of North and Mid Wales<\/a><\/li>\n\t<\/ul>\n<\/div><!-- Div End Category -->\n<div class=\"LinkLibraryCat LinkLibraryCat171 level0\"><!-- Div Category --><div id=\"forebilder-sverige-2\"><!-- Div Category Name --><div class=\"linklistcatname\"><!-- Div Cat Name --><span class=\"linklistcatclass\">F\u00f6rebilder Sverige<\/span><\/div><!-- DivOrHeader --><\/div><!-- Div Category Name -->\n\t<ul>\n<li><a href=\"http:\/\/www.bangardar.se\/\" id=\"link-3056\" class=\"track_this_link \" rel=\"noopener noreferrer\" target=\"_blank\">Bang\u00e5rdar.se<\/a><\/li>\n<li><a href=\"http:\/\/www.ekeving.se\/banor.html\" id=\"link-2997\" class=\"track_this_link \" rel=\"noopener noreferrer\" target=\"_blank\">Bang\u00e5rdsskisser (Ekeving)<\/a><\/li>\n<li><a href=\"http:\/\/www.banvakt.se\/\" id=\"link-2909\" class=\"track_this_link \" rel=\"noopener noreferrer\" target=\"_blank\">Banvakt.se<\/a><\/li>\n<li><a href=\"http:\/\/www.arstuga.se\/jvg\/bilddatabaser.htm\" id=\"link-3019\" class=\"track_this_link \" rel=\"noopener noreferrer\" target=\"_blank\">Bilddatabaser p\u00e5 internet<\/a><\/li>\n<li><a href=\"http:\/\/cyklabanvall.nu\/\" id=\"link-3106\" class=\"track_this_link \" rel=\"noopener noreferrer\" target=\"_blank\">Cykla banvall<\/a><\/li>\n<li><a href=\"http:\/\/www.ekeving.se\/index.html\" id=\"link-2789\" class=\"track_this_link \" rel=\"noopener noreferrer\" target=\"_blank\">Gunnar Ekeving: s\u00e4kra &#8211; styra &#8211; k\u00f6ra<\/a><\/li>\n<li><a href=\"http:\/\/www.historiskt.nu\/smalsp\/smal_main.html\" id=\"link-2791\" class=\"track_this_link \" rel=\"noopener noreferrer\" target=\"_blank\">Historiskt om svenska j\u00e4rnv\u00e4gar<\/a><\/li>\n<li><a href=\"http:\/\/www.industribanor.org\/indexram.html\" id=\"link-2792\" class=\"track_this_link \" rel=\"noopener noreferrer\" target=\"_blank\">Industribanef\u00f6reningen<\/a><\/li>\n<li><a href=\"http:\/\/railway.eu.pn\/\" id=\"link-3073\" class=\"track_this_link \" rel=\"noopener noreferrer\" target=\"_blank\">Krister Perssons j\u00e4rnv\u00e4gssida<\/a><\/li>\n<li><a href=\"http:\/\/kalderen.net\/Bana\/index.htm\" id=\"link-2793\" class=\"track_this_link \" rel=\"noopener noreferrer\" target=\"_blank\">Liten banl\u00e4ra (kalderen.net)<\/a><\/li>\n<li><a href=\"http:\/\/www.nth.se\/foto\/skylt\/index.html\" id=\"link-2794\" class=\"track_this_link \" rel=\"noopener noreferrer\" target=\"_blank\">Loktillverkarskyltar<\/a><\/li>\n<li><a href=\"http:\/\/www.jvmv2.se\/forum\/index.php?mode=thread&#038;id=72219\" id=\"link-2795\" class=\"track_this_link \" rel=\"noopener noreferrer\" target=\"_blank\">Omm\u00e4rkning EJ&gt;SJ-nummer av smalsp\u00e5rsvagnar<\/a><\/li>\n<li><a href=\"http:\/\/www.samlingsportalen.se\/\" id=\"link-3021\" class=\"track_this_link \" rel=\"noopener noreferrer\" target=\"_blank\">Samlingsportalen<\/a><\/li>\n<li><a href=\"http:\/\/plankorsningar.trafikhistoria.se\/\" id=\"link-2796\" class=\"track_this_link \" rel=\"noopener noreferrer\" target=\"_blank\">Sk\u00e5nska v\u00e4gskydd, bilder av plankorsningar p\u00e5 1950-talet<\/a><\/li>\n<li><a href=\"http:\/\/hem.bredband.net\/smalsp80\/index.html\" id=\"link-2797\" class=\"track_this_link \" rel=\"noopener noreferrer\" target=\"_blank\">Smalsp\u00e5r p\u00e5 80-talet<\/a><\/li>\n<li><a href=\"http:\/\/www.stiglundin.se\/\" id=\"link-2798\" class=\"track_this_link \" rel=\"noopener noreferrer\" target=\"_blank\">Stig Lundins historiska hemsida<\/a><\/li>\n<li><a href=\"http:\/\/svenska-industribanor.blogspot.com\/\" id=\"link-2845\" class=\"track_this_link \" rel=\"noopener noreferrer\" target=\"_blank\">Svenska industribanor<\/a><\/li>\n<li><a href=\"http:\/\/www.nth.se\/foto\/vagntillv\/index.html\" id=\"link-2799\" class=\"track_this_link \" rel=\"noopener noreferrer\" target=\"_blank\">Vagntillverkarskyltar<\/a><\/li>\n\t<\/ul>\n<\/div><!-- Div End Category -->\n<div class=\"LinkLibraryCat LinkLibraryCat172 level0\"><!-- Div Category --><div id=\"forebilder-sverige-enskilda-linjer-2\"><!-- Div Category Name --><div class=\"linklistcatname\"><!-- Div Cat Name --><span class=\"linklistcatclass\">F\u00f6rebilder Sverige Enskilda linjer<\/span><\/div><!-- DivOrHeader --><\/div><!-- Div Category Name -->\n\t<ul>\n<li><a href=\"http:\/\/www.aslj.se\/\" id=\"link-2810\" class=\"track_this_link \" rel=\"noopener noreferrer\" target=\"_blank\">ASLJ, Askersund-Skyllberg-Lerb\u00e4cks j\u00e4rnv\u00e4g<\/a><\/li>\n<li><a href=\"http:\/\/www.k-arv.se\/posts\/1397#.WqkKEOLIhec.facebook\" id=\"link-3105\" class=\"track_this_link \" rel=\"noopener noreferrer\" target=\"_blank\">\u00c5tvidaberg &#8211; Bersbo \u00d6sterg\u00f6tlands f\u00f6rsta lokomotivdrivna j\u00e4rnv\u00e4g<\/a><\/li>\n<li><a href=\"http:\/\/www.blekingebanor.se\/\" id=\"link-2788\" class=\"track_this_link \" rel=\"noopener noreferrer\" target=\"_blank\">Blekingebanor<\/a><\/li>\n<li><a href=\"http:\/\/www.langshyttan.nu\/blj1.html\" id=\"link-2811\" class=\"track_this_link \" rel=\"noopener noreferrer\" target=\"_blank\">BLJ, Byvalla-L\u00e5ngshyttans j\u00e4rnv\u00e4g<\/a><\/li>\n<li><a href=\"http:\/\/www.halmstad-bolmen.se\/\" id=\"link-2812\" class=\"track_this_link \" rel=\"noopener noreferrer\" target=\"_blank\">HBJ, Hamlstad-Bolmens j\u00e4rnv\u00e4g<\/a><\/li>\n<li><a href=\"http:\/\/www.hsj.se\/hsj\/index.htm\" id=\"link-2813\" class=\"track_this_link \" rel=\"noopener noreferrer\" target=\"_blank\">HSJ, Hjo-Stenstorps j\u00e4rnv\u00e4g<\/a><\/li>\n<li><a href=\"http:\/\/www.jgj.se\/\" id=\"link-2814\" class=\"track_this_link \" rel=\"noopener noreferrer\" target=\"_blank\">JGJ, J\u00f6nk\u00f6ping-Gripenbergs j\u00e4rnv\u00e4g<\/a><\/li>\n<li><a href=\"http:\/\/medlem.spray.se\/ristenlakvik\/\" id=\"link-2809\" class=\"track_this_link \" rel=\"noopener noreferrer\" target=\"_blank\">Kopparbanan Bersbo-\u00c5tvidaberg<\/a><\/li>\n<li><a href=\"http:\/\/www.hembygd.se\/index.asp?DocID=11487\" id=\"link-2816\" class=\"track_this_link \" rel=\"noopener noreferrer\" target=\"_blank\">\u00d6BlJ, \u00d6stra Blekinge j\u00e4rnv\u00e4g<\/a><\/li>\n<li><a href=\"http:\/\/www.ihregren.se\/train\/train\/ojv.html\" id=\"link-3046\" class=\"track_this_link \" rel=\"noopener noreferrer\" target=\"_blank\">\u00d6J, \u00d6lands j\u00e4rnv\u00e4g (Christer Ihregren)<\/a><\/li>\n<li><a href=\"http:\/\/www.olandsjarnvag.se\/\" id=\"link-2847\" class=\"track_this_link \" rel=\"noopener noreferrer\" target=\"_blank\">\u00d6J, \u00d6lands j\u00e4rnv\u00e4g (Fredrik Anderson)<\/a><\/li>\n<li><a href=\"http:\/\/biphome.spray.se\/tomas.anderson\/index3.htm\" id=\"link-2817\" class=\"track_this_link \" rel=\"noopener noreferrer\" target=\"_blank\">\u00d6J, \u00d6lands j\u00e4rnv\u00e4g (Tomas Anderson)<\/a><\/li>\n<li><a href=\"http:\/\/www.saj-banan.se\/\" id=\"link-3020\" class=\"track_this_link \" rel=\"noopener noreferrer\" target=\"_blank\">SAJ, Sk\u00f6vde Axvalls j\u00e4rnv\u00e4g &#8211; en fotober\u00e4ttelse<\/a><\/li>\n<li><a href=\"http:\/\/www.vikbolandsbanan.info\/\" id=\"link-2815\" class=\"track_this_link \" rel=\"noopener noreferrer\" target=\"_blank\">VB, Norrk\u00f6ping-S\u00f6derk\u00f6ping-Vikbolandets j\u00e4rnv\u00e4g<\/a><\/li>\n\t<\/ul>\n<\/div><!-- Div End Category -->\n<div class=\"LinkLibraryCat LinkLibraryCat169 level0\"><!-- Div Category --><div id=\"forebilder-sverige-filmer-2\"><!-- Div Category Name --><div class=\"linklistcatname\"><!-- Div Cat Name --><span class=\"linklistcatclass\">F\u00f6rebilder Sverige Filmer<\/span><\/div><!-- DivOrHeader --><\/div><!-- Div Category Name -->\n\t<ul>\n<li><a href=\"http:\/\/www.youtube.com\/watch?v=bxNa_Ze_aFU\" id=\"link-2772\" class=\"track_this_link \" rel=\"noopener noreferrer\" target=\"_blank\">\u00c5J, Sista f\u00e4rden p\u00e5 \u00c5gs j\u00e4rnv\u00e4g<\/a><\/li>\n<li><a href=\"http:\/\/www.euscreen.eu\/play.jsp?id=EUS_976F8B40A0204454AFF223E15082DDC3\" id=\"link-3027\" class=\"track_this_link \" rel=\"noopener noreferrer\" target=\"_blank\">Bilder fr\u00e5n breddning av linjen H\u00e5kanstorp &#8211; Forshem<\/a><\/li>\n<li><a href=\"https:\/\/www.facebook.com\/thomas.osterlund.3\/videos\/1173362102693276\/\" id=\"link-3078\" class=\"track_this_link \" rel=\"noopener noreferrer\" target=\"_blank\">BLJ<\/a><\/li>\n<li><a href=\"https:\/\/youtu.be\/p_G-enmJ1Lw\" id=\"link-3080\" class=\"track_this_link \" rel=\"noopener noreferrer\" target=\"_blank\">Broaryd, Haghults Torvstr\u00f6 Frabrik 60tal<\/a><\/li>\n<li><a href=\"http:\/\/S\u00f6ker%20f.d,%20sexarbetare\" id=\"link-3112\" class=\"track_this_link \" rel=\"noopener noreferrer\" target=\"_blank\">BTJ, sista t\u00e5get Tingsryd Konga<\/a><\/li>\n<li><a href=\"https:\/\/youtu.be\/bH0SfC1yqTE\" id=\"link-3081\" class=\"track_this_link \" rel=\"noopener noreferrer\" target=\"_blank\">Falsterbobanan En tur mellan Malm\u00f6 V\u00e4stra och Falsterbo 1942<\/a><\/li>\n<li><a href=\"http:\/\/www.historiskt.nu\/diverse\/film\/film.html\" id=\"link-2818\" class=\"track_this_link \" rel=\"noopener noreferrer\" target=\"_blank\">Filmer fr\u00e5n den svenska j\u00e4rnv\u00e4gshistorien<\/a><\/li>\n<li><a href=\"http:\/\/www.svtplay.se\/klipp\/100423\/gotlandsjarnvagarna-utan-ljud\" id=\"link-2819\" class=\"track_this_link \" rel=\"noopener noreferrer\" target=\"_blank\">GJ, Gotlands j\u00e4rnv\u00e4g<\/a><\/li>\n<li><a href=\"http:\/\/www.oppetarkiv.se\/video\/1813294\" id=\"link-2820\" class=\"track_this_link \" rel=\"noopener noreferrer\" target=\"_blank\">HBJ, Halmstad-Bolmens j\u00e4rnv\u00e4g<\/a><\/li>\n<li><a href=\"http:\/\/www.oppetarkiv.se\/video\/1813309\" id=\"link-3026\" class=\"track_this_link \" rel=\"noopener noreferrer\" target=\"_blank\">HSJ, Hjo-Stenstorps j\u00e4rnv\u00e4g<\/a><\/li>\n<li><a href=\"https:\/\/digitaltmuseum.se\/021116466555\/jarnvag-och-station-i-hjortkvarn?fbclid=IwAR137rAc1R6eh3xcBeYYQy6EO_UwYw3sujO8_qBSNBBqQPukFJJ4Bim5Mj4\" id=\"link-3115\" class=\"track_this_link \" rel=\"noopener noreferrer\" target=\"_blank\">J\u00e4rnv\u00e4g och station i Hjortkvarn<\/a><\/li>\n<li><a href=\"http:\/\/youtu.be\/7wn4NdlbcIs\" id=\"link-3031\" class=\"track_this_link \" rel=\"noopener noreferrer\" target=\"_blank\">KNJ, Krylbo-Norbergs j\u00e4rnv\u00e4g<\/a><\/li>\n<li><a href=\"https:\/\/www.youtube.com\/watch?v=HqnuIFKxSns\" id=\"link-3063\" class=\"track_this_link \" rel=\"noopener noreferrer\" target=\"_blank\">Kullsbergs kalkbruk<\/a><\/li>\n<li><a href=\"http:\/\/www.euscreen.eu\/play.jsp?id=EUS_E6436AE379AC4332A9331044506D1477\" id=\"link-3024\" class=\"track_this_link \" rel=\"noopener noreferrer\" target=\"_blank\">KURJ, K\u00f6ping-Uttersberg-Riddarhyttans j\u00e4rnv\u00e4g<\/a><\/li>\n<li><a href=\"https:\/\/www.oppetarkiv.se\/video\/1810884\/journalfilm-svensk-jarnvagstrafik\" id=\"link-3097\" class=\"track_this_link \" rel=\"noopener noreferrer\" target=\"_blank\">KVBJ, Karlshamn-Vislanda-Bolmens j\u00e4rnv\u00e4g<\/a><\/li>\n<li><a href=\"http:\/\/www.svtplay.se\/klipp\/100425\/jarnvagen-lidkoping-hakantorp-kinnekulle-lidkoping-utan-ljud\" id=\"link-2821\" class=\"track_this_link \" rel=\"noopener noreferrer\" target=\"_blank\">LJ, Lidk\u00f6pings j\u00e4rnv\u00e4g<\/a><\/li>\n<li><a href=\"http:\/\/youtu.be\/Rcv5wKGtP80\" id=\"link-3053\" class=\"track_this_link \" rel=\"noopener noreferrer\" target=\"_blank\">NKlJ, Nedl\u00e4ggning NKlJ<\/a><\/li>\n<li><a href=\"http:\/\/www.svtplay.se\/klipp\/100412\/olands-jarnvagar-utan-ljud\" id=\"link-2824\" class=\"track_this_link \" rel=\"noopener noreferrer\" target=\"_blank\">\u00d6J, \u00d6lands j\u00e4rnv\u00e4g<\/a><\/li>\n<li><a href=\"http:\/\/www.euscreen.eu\/play.jsp?id=EUS_BE320F7D81524562829A525F856965CA\" id=\"link-3028\" class=\"track_this_link \" rel=\"noopener noreferrer\" target=\"_blank\">\u00d6J, \u00d6lands j\u00e4rnv\u00e4g, del 1<\/a><\/li>\n<li><a href=\"http:\/\/www.euscreen.eu\/play.jsp?id=EUS_0F18E19B648B4A259B87C915EA804212\" id=\"link-3029\" class=\"track_this_link \" rel=\"noopener noreferrer\" target=\"_blank\">\u00d6J, \u00d6lands j\u00e4rnv\u00e4g, del 2<\/a><\/li>\n<li><a href=\"http:\/\/www.euscreen.eu\/play.jsp?id=EUS_65D4D18B1E7A40E0884ED2E50E0030C7\" id=\"link-3030\" class=\"track_this_link \" rel=\"noopener noreferrer\" target=\"_blank\">\u00d6J, \u00d6lands j\u00e4rnv\u00e4g, del 3<\/a><\/li>\n<li><a href=\"https:\/\/youtu.be\/aknD5dfeSFg\" id=\"link-3099\" class=\"track_this_link \" rel=\"noopener noreferrer\" target=\"_blank\">SRJ, Bussar och t\u00e5g i Norrt\u00e4lje<\/a><\/li>\n<li><a href=\"https:\/\/vimeopro.com\/user6329785\/osteraker\" id=\"link-3096\" class=\"track_this_link \" rel=\"noopener noreferrer\" target=\"_blank\">SRJ, \u00d6ster\u00e5ker &#8211; n\u00e4r j\u00e4rnv\u00e4gen kom<\/a><\/li>\n<li><a href=\"https:\/\/youtu.be\/hkVddyshkFk\" id=\"link-3098\" class=\"track_this_link \" rel=\"noopener noreferrer\" target=\"_blank\">SRJ, Resa med Roslagsbanan, \u00e5r 1965-1966<\/a><\/li>\n<li><a href=\"http:\/\/euscreen.eu\/item.html?id=EUS_26064BB768034E90B6BAF2A2C75613D3\" id=\"link-2822\" class=\"track_this_link \" rel=\"noopener noreferrer\" target=\"_blank\">T\u00d6J, Trafikf\u00f6rvaltningen \u00d6sterg\u00f6tlands smalsp\u00e5riga j\u00e4rnv\u00e4gar<\/a><\/li>\n<li><a href=\"https:\/\/youtu.be\/AEDODGNwaDI\" id=\"link-3102\" class=\"track_this_link \" rel=\"noopener noreferrer\" target=\"_blank\">VGJ, Sista t\u00e5get ut 1967<\/a><\/li>\n<li><a href=\"http:\/\/www.euscreen.eu\/play.jsp?id=EUS_5CE6C34EE1394960B0E84312F7F30960\" id=\"link-3025\" class=\"track_this_link \" rel=\"noopener noreferrer\" target=\"_blank\">VGJ, V\u00e4sterg\u00f6tland-G\u00f6teborgs j\u00e4rnv\u00e4gar<\/a><\/li>\n<li><a href=\"http:\/\/www.historiskt.nu\/smalsp\/vgj\/vgj\/vgj_film.html\" id=\"link-2823\" class=\"track_this_link \" rel=\"noopener noreferrer\" target=\"_blank\">VGJ, V\u00e4sterg\u00f6tland-G\u00f6teborgs j\u00e4rnv\u00e4gar (historiskt.nu)<\/a><\/li>\n\t<\/ul>\n<\/div><!-- Div End Category -->\n<div class=\"LinkLibraryCat LinkLibraryCat173 level0\"><!-- Div Category --><div id=\"forebilder-sverige-loklistor-2\"><!-- Div Category Name --><div class=\"linklistcatname\"><!-- Div Cat Name --><span class=\"linklistcatclass\">F\u00f6rebilder Sverige Loklistor<\/span><\/div><!-- DivOrHeader --><\/div><!-- Div Category Name -->\n\t<ul>\n<li><a href=\"http:\/\/www.pospichal.net\/lokstatistik\/se.htm\" id=\"link-2825\" class=\"track_this_link \" rel=\"noopener noreferrer\" target=\"_blank\">Schweden &#8211; Lokomotiven und Triebwagen<\/a><\/li>\n<li><a href=\"http:\/\/www.stiglundin.se\/anglok\/sj\/anglok\/angloklistor.htm\" id=\"link-2826\" class=\"track_this_link \" rel=\"noopener noreferrer\" target=\"_blank\">Stig Lundin &#8211; \u00c5nglok<\/a><\/li>\n\t<\/ul>\n<\/div><!-- Div End Category -->\n<div class=\"LinkLibraryCat LinkLibraryCat224 level0\"><!-- Div Category --><div id=\"forebilder-tyskland-2\"><!-- Div Category Name --><div class=\"linklistcatname\"><!-- Div Cat Name --><span class=\"linklistcatclass\">F\u00f6rebilder Tyskland<\/span><\/div><!-- DivOrHeader --><\/div><!-- Div Category Name -->\n\t<ul>\n<li><a href=\"http:\/\/www.gartetalbahn.com\/\" id=\"link-3047\" class=\"track_this_link \" rel=\"noopener noreferrer\" target=\"_blank\">Gartetalbahn Erinnerungen an die Goettinger Kleinbahn A.G<\/a><\/li>\n<li><a href=\"http:\/\/www.muttenthalbahn.org\/\" id=\"link-2782\" class=\"track_this_link \" rel=\"noopener noreferrer\" target=\"_blank\">Gruben- und Feldbahnmuseum Zeche Theresia<\/a><\/li>\n<li><a href=\"http:\/\/www.schmalspur-ostwestfalen.de\/\" id=\"link-3055\" class=\"track_this_link \" rel=\"noopener noreferrer\" target=\"_blank\">schmalspur-ostwestfalen.de<\/a><\/li>\n<li><a href=\"http:\/\/www.schmalspuralbum.de\/\" id=\"link-2785\" class=\"track_this_link \" rel=\"noopener noreferrer\" target=\"_blank\">Schmalspuralbum<\/a><\/li>\n<li><a href=\"http:\/\/stillgelegt.de\/\" id=\"link-3037\" class=\"track_this_link \" rel=\"noopener noreferrer\" target=\"_blank\">Stillgelegt &#8211; Streckenbegehungen stillgelegter Schmalspurbahnen<\/a><\/li>\n<li><a href=\"http:\/\/www.dienstplanschatte.de\/\" id=\"link-3048\" class=\"track_this_link \" rel=\"noopener noreferrer\" target=\"_blank\">Wissenswertes zur Schmalspurbahn Wilkau-Ha\u00dflau &#8211; Carlsfeld<\/a><\/li>\n\t<\/ul>\n<\/div><!-- Div End Category -->\n<div class=\"LinkLibraryCat LinkLibraryCat176 level0\"><!-- Div Category --><div id=\"museibanor-sverige-1093-mm-2\"><!-- Div Category Name --><div class=\"linklistcatname\"><!-- Div Cat Name --><span class=\"linklistcatclass\">Museibanor Sverige 1093 mm<\/span><\/div><!-- DivOrHeader --><\/div><!-- Div Category Name -->\n\t<ul>\n<li><a href=\"http:\/\/www.kujmf.se\/\" id=\"link-2846\" class=\"track_this_link \" rel=\"noopener noreferrer\" target=\"_blank\">KUJ, K\u00f6ping &#8211; Uttersbergs j\u00e4rnv\u00e4g<\/a><\/li>\n\t<\/ul>\n<\/div><!-- Div End Category -->\n<div class=\"LinkLibraryCat LinkLibraryCat174 level0\"><!-- Div Category --><div id=\"museibanor-sverige-600-mm-2\"><!-- Div Category Name --><div class=\"linklistcatname\"><!-- Div Cat Name --><span class=\"linklistcatclass\">Museibanor Sverige 600 mm<\/span><\/div><!-- DivOrHeader --><\/div><!-- Div Category Name -->\n\t<ul>\n<li><a href=\"http:\/\/www.bosj.se\/bosj2\/index.php\" id=\"link-2827\" class=\"track_this_link \" rel=\"noopener noreferrer\" target=\"_blank\">B\u00f6da Skogsj\u00e4rnv\u00e4g<\/a><\/li>\n<li><a href=\"http:\/\/frovi-maskin-bruksbanemuseum.blogspot.se\/\" id=\"link-2828\" class=\"track_this_link \" rel=\"noopener noreferrer\" target=\"_blank\">Fr\u00f6vi Maskin och Bruksbanemuseum<\/a><\/li>\n<li><a href=\"http:\/\/www.jaurekaska.se\/\" id=\"link-3058\" class=\"track_this_link \" rel=\"noopener noreferrer\" target=\"_blank\">Jaurekaska decauvillebana<\/a><\/li>\n<li><a href=\"http:\/\/www.landabanan.com\/\" id=\"link-2829\" class=\"track_this_link \" rel=\"noopener noreferrer\" target=\"_blank\">Landabanan<\/a><\/li>\n<li><a href=\"http:\/\/www.munkedalsjernvag.com\/\" id=\"link-2830\" class=\"track_this_link \" rel=\"noopener noreferrer\" target=\"_blank\">Munkedals J\u00e4rnv\u00e4g<\/a><\/li>\n<li><a href=\"http:\/\/medlem.spray.se\/ngj\/\" id=\"link-2831\" class=\"track_this_link \" rel=\"noopener noreferrer\" target=\"_blank\">N\u00e4rsen-Gr\u00e5ntj\u00e4rn J\u00e4rnv\u00e4g<\/a><\/li>\n<li><a href=\"http:\/\/www.ohsabanan.com\/\" id=\"link-2832\" class=\"track_this_link \" rel=\"noopener noreferrer\" target=\"_blank\">Ohs Bruks J\u00e4rnv\u00e4g<\/a><\/li>\n<li><a href=\"http:\/\/www.oslj.nu\/\" id=\"link-2835\" class=\"track_this_link \" rel=\"noopener noreferrer\" target=\"_blank\">\u00d6stra S\u00f6dermanlands J\u00e4rnv\u00e4g<\/a><\/li>\n<li><a href=\"http:\/\/www.rlj.se\" id=\"link-2833\" class=\"track_this_link \" rel=\"noopener noreferrer\" target=\"_blank\">Risten-Lakviks j\u00e4rnv\u00e4g<\/a><\/li>\n<li><a href=\"http:\/\/www.ryttaren.nu\/\" id=\"link-2834\" class=\"track_this_link \" rel=\"noopener noreferrer\" target=\"_blank\">Ryttarens torvstr\u00f6fabrik<\/a><\/li>\n\t<\/ul>\n<\/div><!-- Div End Category -->\n<div class=\"LinkLibraryCat LinkLibraryCat175 level0\"><!-- Div Category --><div id=\"museibanor-sverige-891-mm-2\"><!-- Div Category Name --><div class=\"linklistcatname\"><!-- Div Cat Name --><span class=\"linklistcatclass\">Museibanor Sverige 891 mm<\/span><\/div><!-- DivOrHeader --><\/div><!-- Div Category Name -->\n\t<ul>\n<li><a href=\"http:\/\/www.agj.net\/\" id=\"link-2836\" class=\"track_this_link \" rel=\"noopener noreferrer\" target=\"_blank\">Anten &#8211; Gr\u00e4fsn\u00e4s J\u00e4rnv\u00e4g<\/a><\/li>\n<li><a href=\"http:\/\/www.galtstromstaget.se\/\" id=\"link-2837\" class=\"track_this_link \" rel=\"noopener noreferrer\" target=\"_blank\">F\u00f6reningen Galtstr\u00f6mst\u00e5get<\/a><\/li>\n<li><a href=\"http:\/\/www.gotlandstaget.se\/\" id=\"link-2838\" class=\"track_this_link \" rel=\"noopener noreferrer\" target=\"_blank\">Gotlands Hesselby J\u00e4rnv\u00e4g<\/a><\/li>\n<li><a href=\"http:\/\/www.hwj.nu\/\" id=\"link-2839\" class=\"track_this_link \" rel=\"noopener noreferrer\" target=\"_blank\">Hultsfred &#8211; V\u00e4sterviks j\u00e4rnv\u00e4g<\/a><\/li>\n<li><a href=\"http:\/\/www.jtj.org\/\" id=\"link-2840\" class=\"track_this_link \" rel=\"noopener noreferrer\" target=\"_blank\">J\u00e4dra\u00e5s &#8211; Tall\u00e5s j\u00e4rnv\u00e4g<\/a><\/li>\n<li><a href=\"http:\/\/www.roslagsbanan.com\/\" id=\"link-2841\" class=\"track_this_link \" rel=\"noopener noreferrer\" target=\"_blank\">Roslagsbanans veterant\u00e5gsf\u00f6rening<\/a><\/li>\n<li><a href=\"http:\/\/www.sklj.se\/\" id=\"link-2842\" class=\"track_this_link \" rel=\"noopener noreferrer\" target=\"_blank\">Skara &#8211; Lundsbrunns J\u00e4rnv\u00e4g<\/a><\/li>\n<li><a href=\"http:\/\/www.srjmf.se\/\" id=\"link-2843\" class=\"track_this_link \" rel=\"noopener noreferrer\" target=\"_blank\">Uppsala &#8211; L\u00e4nna J\u00e4rnv\u00e4g<\/a><\/li>\n<li><a href=\"http:\/\/www.wfj.se\/index.htm\" id=\"link-2844\" class=\"track_this_link \" rel=\"noopener noreferrer\" target=\"_blank\">Wadstena &#8211; Fogelsta J\u00e4rnv\u00e4g<\/a><\/li>\n\t<\/ul>\n<\/div><!-- Div End Category -->\n<script type='text\/javascript'>\njQuery(document).ready(function()\n{\njQuery('.arrow-up').hide();\njQuery('#linklist1 a.track_this_link').click(function() {\nlinkid = this.id;\nlinkid = linkid.substring(5);\npath = '';\njQuery.ajax( {    type: 'POST',    url: 'https:\/\/smalsparigt.org\/wp-admin\/admin-ajax.php',     data: { action: 'link_library_tracker',             _ajax_nonce: '61242eeac2',             id:linkid, xpath:path }     });\nreturn true;\n});\njQuery('#linklist1 .expandlinks').click(function() {\ntarget = '.' + jQuery(this).attr('id');\nsubcattarget = '.' + jQuery(this).attr('data-subcat');\nif ( jQuery( target ).is(':visible') ) {\njQuery(target).slideUp();\njQuery(subcattarget).slideToggle();\njQuery(this).children('img').attr('src', 'https:\/\/smalsparigt.org\/wp-content\/plugins\/link-library\/icons\/expand-32.png');\n} else {\njQuery(target).slideDown();\njQuery(subcattarget).slideToggle();\njQuery(this).children('img').attr('src', 'https:\/\/smalsparigt.org\/wp-content\/plugins\/link-library\/icons\/collapse-32.png');\n}\n});\njQuery('#linklist1 .linklistcatclass').click(function() {\njQuery(this).siblings('.expandlinks').click();\n});\njQuery('#linklist1 .linklistcatnamedesc').click(function() {\njQuery(this).siblings('.expandlinks').click();\n});\n});\n<\/script>\n<\/div><!-- Div Linklist -->\n<!-- End of Link Library Output -->\n\n\n<p>&nbsp;<\/p>\n","protected":false},"excerpt":{"rendered":"<p>&nbsp;<\/p>\n","protected":false},"author":1,"featured_media":0,"parent":215,"menu_order":10,"comment_status":"open","ping_status":"open","template":"","meta":{"footnotes":""},"class_list":["post-441","page","type-page","status-publish","hentry"],"_links":{"self":[{"href":"https:\/\/smalsparigt.org\/index.php?rest_route=\/wp\/v2\/pages\/441","targetHints":{"allow":["GET"]}}],"collection":[{"href":"https:\/\/smalsparigt.org\/index.php?rest_route=\/wp\/v2\/pages"}],"about":[{"href":"https:\/\/smalsparigt.org\/index.php?rest_route=\/wp\/v2\/types\/page"}],"author":[{"embeddable":true,"href":"https:\/\/smalsparigt.org\/index.php?rest_route=\/wp\/v2\/users\/1"}],"replies":[{"embeddable":true,"href":"https:\/\/smalsparigt.org\/index.php?rest_route=%2Fwp%2Fv2%2Fcomments&post=441"}],"version-history":[{"count":10,"href":"https:\/\/smalsparigt.org\/index.php?rest_route=\/wp\/v2\/pages\/441\/revisions"}],"predecessor-version":[{"id":3119,"href":"https:\/\/smalsparigt.org\/index.php?rest_route=\/wp\/v2\/pages\/441\/revisions\/3119"}],"up":[{"embeddable":true,"href":"https:\/\/smalsparigt.org\/index.php?rest_route=\/wp\/v2\/pages\/215"}],"wp:attachment":[{"href":"https:\/\/smalsparigt.org\/index.php?rest_route=%2Fwp%2Fv2%2Fmedia&parent=441"}],"curies":[{"name":"wp","href":"https:\/\/api.w.org\/{rel}","templated":true}]}}