{"id":453,"date":"2012-02-17T21:54:47","date_gmt":"2012-02-17T21:54:47","guid":{"rendered":"http:\/\/www.smalsparigt.org\/?page_id=453"},"modified":"2019-08-02T19:57:12","modified_gmt":"2019-08-02T19:57:12","slug":"butiker","status":"publish","type":"page","link":"https:\/\/smalsparigt.org\/?page_id=453","title":{"rendered":"Butiker"},"content":{"rendered":"<!-- Beginning of Link Library Output --><div id='linklist1' class='linklist'><!-- Div Linklist -->\n<div class=\"LinkLibraryCat LinkLibraryCat167 level0\"><!-- Div Category --><div id=\"butiker-2\"><!-- Div Category Name --><div class=\"linklistcatname\"><!-- Div Cat Name --><span class=\"linklistcatclass\">Butiker<\/span><\/div><!-- DivOrHeader --><\/div><!-- Div Category Name -->\n\t<ul>\n<li><a href=\"http:\/\/www.dfmodeltog.dk\/\" id=\"link-3093\" class=\"track_this_link \" rel=\"noopener noreferrer\" target=\"_blank\">DF Modeltog<\/a><\/li>\n<li><a href=\"http:\/\/www.jocadis.com\/\" id=\"link-2881\" class=\"track_this_link \" rel=\"noopener noreferrer\" target=\"_blank\">Jocadis<\/a><\/li>\n<li><a href=\"http:\/\/www.oldpullman.ch\/\" id=\"link-2867\" class=\"track_this_link \" rel=\"noopener noreferrer\" target=\"_blank\">Old Pullman<\/a><\/li>\n<li><a href=\"http:\/\/www.paa-sporet.com\/\" id=\"link-3023\" class=\"track_this_link \" rel=\"noopener noreferrer\" target=\"_blank\">P\u00e5 sporet<\/a><\/li>\n<li><a href=\"http:\/\/www.wagenwerk.de\/\" id=\"link-3038\" class=\"track_this_link \" rel=\"noopener noreferrer\" target=\"_blank\">Wagenwerk &#8211; Der Shop f\u00fcr alle mit dem Blick f\u00fcr feine Details!<\/a><\/li>\n<li><a href=\"http:\/\/www.walthers.com\/\" id=\"link-2870\" class=\"track_this_link \" rel=\"noopener noreferrer\" target=\"_blank\">Walthers<\/a><\/li>\n\t<\/ul>\n<\/div><!-- Div End Category -->\n<div class=\"LinkLibraryCat LinkLibraryCat201 level0\"><!-- Div Category --><div id=\"butiker-storbritannien-2\"><!-- Div Category Name --><div class=\"linklistcatname\"><!-- Div Cat Name --><span class=\"linklistcatclass\">Butiker Storbritannien<\/span><\/div><!-- DivOrHeader --><\/div><!-- Div Category Name -->\n\t<ul>\n<li><a href=\"http:\/\/www.anticsonline.co.uk\/\" id=\"link-2848\" class=\"track_this_link \" rel=\"noopener noreferrer\" target=\"_blank\">Antics<\/a><\/li>\n<li><a href=\"http:\/\/www.finescale.org.uk\/\" id=\"link-2933\" class=\"track_this_link \" rel=\"noopener noreferrer\" target=\"_blank\">C+L Finescale<\/a><\/li>\n<li><a href=\"http:\/\/www.mainlytrains.co.uk\/acatalog\/index.html\" id=\"link-2866\" class=\"track_this_link \" rel=\"noopener noreferrer\" target=\"_blank\">Mainly Trains<\/a><\/li>\n<li><a href=\"http:\/\/www.ngtrains.com\/\" id=\"link-3007\" class=\"track_this_link \" rel=\"noopener noreferrer\" target=\"_blank\">NG Trains<\/a><\/li>\n<li><a href=\"http:\/\/www.wizardmodels.co.uk\/\" id=\"link-2871\" class=\"track_this_link \" rel=\"noopener noreferrer\" target=\"_blank\">Wizard models<\/a><\/li>\n\t<\/ul>\n<\/div><!-- Div End Category -->\n<div class=\"LinkLibraryCat LinkLibraryCat200 level0\"><!-- Div Category --><div id=\"butiker-sverige-2\"><!-- Div Category Name --><div class=\"linklistcatname\"><!-- Div Cat Name --><span class=\"linklistcatclass\">Butiker Sverige<\/span><\/div><!-- DivOrHeader --><\/div><!-- Div Category Name -->\n\t<ul>\n<li><a href=\"http:\/\/www.habohobby.se\" id=\"link-3079\" class=\"track_this_link \" rel=\"noopener noreferrer\" target=\"_blank\">Habo hobby<\/a><\/li>\n<li><a href=\"http:\/\/www.materialbutiken.se\/\" id=\"link-2771\" class=\"track_this_link \" rel=\"noopener noreferrer\" target=\"_blank\">Materialbutiken<\/a><\/li>\n<li><a href=\"http:\/\/www.mjhobby.se\" id=\"link-2768\" class=\"track_this_link \" rel=\"noopener noreferrer\" target=\"_blank\">MJ Hobbyexperten<\/a><\/li>\n<li><a href=\"http:\/\/hobbymodeller.se\/\" id=\"link-3089\" class=\"track_this_link \" rel=\"noopener noreferrer\" target=\"_blank\">MJ-specialisten<\/a><\/li>\n<li><a href=\"http:\/\/www.modellhobby.se\/\" id=\"link-2769\" class=\"track_this_link \" rel=\"noopener noreferrer\" target=\"_blank\">Modellj\u00e4rnv\u00e4gsspecialisten T\u00e5g och hobby i Lule\u00e5<\/a><\/li>\n\t<\/ul>\n<\/div><!-- Div End Category -->\n<div class=\"LinkLibraryCat LinkLibraryCat202 level0\"><!-- Div Category --><div id=\"butiker-tyskland-2\"><!-- Div Category Name --><div class=\"linklistcatname\"><!-- Div Cat Name --><span class=\"linklistcatclass\">Butiker Tyskland<\/span><\/div><!-- DivOrHeader --><\/div><!-- Div Category Name -->\n\t<ul>\n<li><a href=\"http:\/\/kokologgo.de\/shop\/\" id=\"link-3077\" class=\"track_this_link \" rel=\"noopener noreferrer\" target=\"_blank\">Kokologgos Schatzkiste<\/a><\/li>\n<li><a href=\"http:\/\/www.lokfuehrer-lukas.de\/\" id=\"link-2865\" class=\"track_this_link \" rel=\"noopener noreferrer\" target=\"_blank\">Lokf\u00fchrer Lukas<\/a><\/li>\n<li><a href=\"http:\/\/www.schmalspurbedarf.de\/\" id=\"link-2869\" class=\"track_this_link \" rel=\"noopener noreferrer\" target=\"_blank\">Schmalspurbedarf<\/a><\/li>\n\t<\/ul>\n<\/div><!-- Div End Category -->\n<div class=\"LinkLibraryCat LinkLibraryCat196 level0\"><!-- Div Category --><div id=\"forlag-och-bokhandlare-2\"><!-- Div Category Name --><div class=\"linklistcatname\"><!-- Div Cat Name --><span class=\"linklistcatclass\">F\u00f6rlag och bokhandlare<\/span><\/div><!-- DivOrHeader --><\/div><!-- Div Category Name -->\n\t<ul>\n<li><a href=\"http:\/\/www.hobbybokhandeln.biz\/\" id=\"link-2800\" class=\"track_this_link \" rel=\"noopener noreferrer\" target=\"_blank\">Hobbybokhandeln<\/a><\/li>\n<li><a href=\"http:\/\/www.ianallanpublishing.com\/\" id=\"link-2857\" class=\"track_this_link \" rel=\"noopener noreferrer\" target=\"_blank\">Ian Allan Publishing<\/a><\/li>\n<li><a href=\"http:\/\/rclpublications.co.uk\/\" id=\"link-2973\" class=\"track_this_link \" rel=\"noopener noreferrer\" target=\"_blank\">RCL publications<\/a><\/li>\n<li><a href=\"http:\/\/www.schmalspurverlag.de\" id=\"link-3086\" class=\"track_this_link \" rel=\"noopener noreferrer\" target=\"_blank\">Schmalspurverlag &#8211; Karl Paskarb<\/a><\/li>\n<li><a href=\"http:\/\/www.stenvalls.com\/shop\/\" id=\"link-2858\" class=\"track_this_link \" rel=\"noopener noreferrer\" target=\"_blank\">Stenvalls<\/a><\/li>\n\t<\/ul>\n<\/div><!-- Div End Category -->\n<script type='text\/javascript'>\njQuery(document).ready(function()\n{\njQuery('.arrow-up').hide();\njQuery('#linklist1 a.track_this_link').click(function() {\nlinkid = this.id;\nlinkid = linkid.substring(5);\npath = '';\njQuery.ajax( {    type: 'POST',    url: 'https:\/\/smalsparigt.org\/wp-admin\/admin-ajax.php',     data: { action: 'link_library_tracker',             _ajax_nonce: '4f81627637',             id:linkid, xpath:path }     });\nreturn true;\n});\njQuery('#linklist1 .expandlinks').click(function() {\ntarget = '.' + jQuery(this).attr('id');\nsubcattarget = '.' + jQuery(this).attr('data-subcat');\nif ( jQuery( target ).is(':visible') ) {\njQuery(target).slideUp();\njQuery(subcattarget).slideToggle();\njQuery(this).children('img').attr('src', 'https:\/\/smalsparigt.org\/wp-content\/plugins\/link-library\/icons\/expand-32.png');\n} else {\njQuery(target).slideDown();\njQuery(subcattarget).slideToggle();\njQuery(this).children('img').attr('src', 'https:\/\/smalsparigt.org\/wp-content\/plugins\/link-library\/icons\/collapse-32.png');\n}\n});\njQuery('#linklist1 .linklistcatclass').click(function() {\njQuery(this).siblings('.expandlinks').click();\n});\njQuery('#linklist1 .linklistcatnamedesc').click(function() {\njQuery(this).siblings('.expandlinks').click();\n});\n});\n<\/script>\n<\/div><!-- Div Linklist -->\n<!-- End of Link Library Output -->\n\n\n<p>&nbsp;<\/p>\n","protected":false},"excerpt":{"rendered":"<p>&nbsp;<\/p>\n","protected":false},"author":1,"featured_media":0,"parent":215,"menu_order":45,"comment_status":"open","ping_status":"open","template":"","meta":{"footnotes":""},"class_list":["post-453","page","type-page","status-publish","hentry"],"_links":{"self":[{"href":"https:\/\/smalsparigt.org\/index.php?rest_route=\/wp\/v2\/pages\/453","targetHints":{"allow":["GET"]}}],"collection":[{"href":"https:\/\/smalsparigt.org\/index.php?rest_route=\/wp\/v2\/pages"}],"about":[{"href":"https:\/\/smalsparigt.org\/index.php?rest_route=\/wp\/v2\/types\/page"}],"author":[{"embeddable":true,"href":"https:\/\/smalsparigt.org\/index.php?rest_route=\/wp\/v2\/users\/1"}],"replies":[{"embeddable":true,"href":"https:\/\/smalsparigt.org\/index.php?rest_route=%2Fwp%2Fv2%2Fcomments&post=453"}],"version-history":[{"count":8,"href":"https:\/\/smalsparigt.org\/index.php?rest_route=\/wp\/v2\/pages\/453\/revisions"}],"predecessor-version":[{"id":3123,"href":"https:\/\/smalsparigt.org\/index.php?rest_route=\/wp\/v2\/pages\/453\/revisions\/3123"}],"up":[{"embeddable":true,"href":"https:\/\/smalsparigt.org\/index.php?rest_route=\/wp\/v2\/pages\/215"}],"wp:attachment":[{"href":"https:\/\/smalsparigt.org\/index.php?rest_route=%2Fwp%2Fv2%2Fmedia&parent=453"}],"curies":[{"name":"wp","href":"https:\/\/api.w.org\/{rel}","templated":true}]}}