{"id":790,"date":"2012-08-01T14:19:27","date_gmt":"2012-08-01T14:19:27","guid":{"rendered":"http:\/\/www.smalsparigt.org\/?page_id=790"},"modified":"2012-08-01T15:11:38","modified_gmt":"2012-08-01T15:11:38","slug":"ritningar","status":"publish","type":"page","link":"https:\/\/smalsparigt.org\/?page_id=790","title":{"rendered":"Ritningar"},"content":{"rendered":"<h1>Ritningar p\u00e5 byggnader vid Uppsala-Lenna j\u00e4rnv\u00e4g<\/h1>\n<p>Fr\u00e5n Anders Hellgren har vi f\u00e5tt f\u00f6ljande ritningar p\u00e5 byggnader vid ULJ Ritningarna \u00e4r pdf-filer som \u00f6ppnas i nytt f\u00f6nster.<\/p>\n<p><a href=\"http:\/\/www.smalsparigt.org\/wp-content\/uploads\/2012\/08\/Faringe.pdf\" target=\"_blank\">Faringe stationshus innan branden 1981<\/a><\/p>\n<p><a href=\"http:\/\/www.smalsparigt.org\/wp-content\/uploads\/2012\/08\/Godsmagasin_Barby_SJ_tid.pdf\" target=\"_blank\">B\u00e4rby godsmagasin s\u00e5som det s\u00e5g ut p\u00e5 SJ-tiden<\/a><\/p>\n<p><a href=\"http:\/\/www.smalsparigt.org\/wp-content\/uploads\/2012\/08\/L\u00f6vstahagen.pdf\" target=\"_blank\">V\u00e4ntkuren i L\u00f6vstahage<\/a><\/p>\n<h1>Kollastningsbrygga<\/h1>\n<p>Fr\u00e5n &#8221;Banl\u00e4ra&#8221; 1915. S\u00e5 h\u00e4r st\u00e5r det i boken:<br \/>\n&#8221;F\u00f6r kolgivning till lokomotiv \u00e5 st\u00f6rre lokstationer f\u00f6rekomma emellertid oftast vidlyftigare anordningar. Den vid Statens j\u00e4rnv\u00e4gar numera vanligast anv\u00e4nda typen d\u00e4rf\u00f6r \u00e4r den s. k. kolgivningsbryggan. Bockst\u00e4llningarna d\u00e4rtill g\u00f6ras i regel av kasserade r\u00e4ler p\u00e5 fundament av betong eller sten och uppb\u00e4ra dels ett horisontalt plan, varifr\u00e5n kolgivningen sker, dels en eller flera upp- och nerfarter till och fr\u00e5n detta plan i lutning 1:4 till 1:5. Kolen fraktas upp p\u00e5 bryggan medelst decauvillevagnar av c:a 1 tons lastf\u00f6rm\u00e5ga, vilka medelst lina dragas dit upp av det lokomotiv, vars kolf\u00f6rr\u00e5d beh\u00f6ver p\u00e5fyllas. Sedan vagnarna uppkommit p\u00e5 det horisontala planet och lokomotivet intagit sin plats d\u00e4runder, sker tippningen fr\u00e5n decauvillevagnen till tendern f\u00f6rmedelst en h\u00f6j- och s\u00e4nkbar pl\u00e5tr\u00e4nna. Genom man\u00f6vrering av denna, vilket sker med skruvanordning uppifr\u00e5n bryggan, kan kolets placering i olika delar av tendern regleras. De t\u00f6mda vagnarna nedg\u00e5 fr\u00e5n bryggan av egen tyngd, varvid hastigheten regleras genom friktionsskivor. Exempel p\u00e5 dylik brygga visas \u00e5 bild 530.&#8221;<\/p>\n<p><a title=\"Ritningen (bild 530) \u00f6ppnas i ett nytt f\u00f6nster! \" href=\"http:\/\/www.smalsparigt.org\/wp-content\/uploads\/2012\/08\/kolbrygga.gif\" target=\"_blank\">Ritningen (bild 530) \u00f6ppnas i ett nytt f\u00f6nster!<\/a><\/p>\n<h1>V\u00e4xelritningar<\/h1>\n<h2>Tv\u00e5fota 5:a<\/h2>\n<p>Det har efterlysts v\u00e4xelritningar av v\u00e5ra medlemmar. Anders \u00d6stlund \u00e4r f\u00f6rst ut med ett bidrag visande en tv\u00e5fotav\u00e4xel. V\u00e4xeln \u00e4r en &#8221;5:a&#8221;, allts\u00e5 en ganska sn\u00e4v v\u00e4xel, vilket \u00e4r perfekt f\u00f6r modellbygge p\u00e5 litet utrymme.<br \/>\nRitningen \u00f6ppnas i nytt f\u00f6nster som Pdf och ger utskriven en v\u00e4xelritning i skala 1:45. Den \u00e4r m\u00e4rkt med upphovsr\u00e4ttstext, men inneb\u00e4r ingen st\u00f6rre industrihemlighet i nutid. K\u00e4nner sig upphovsr\u00e4ttsmannen, i den m\u00e5n han finns kvar (ritn. daterad -46), kr\u00e4nkt tar vi efter p\u00e5pekande omedelbart bort ritningen.<br \/>\n<a href=\"http:\/\/www.smalsparigt.org\/wp-content\/uploads\/2012\/08\/tvafotavaxel.pdf\" target=\"_blank\">Tv\u00e5fota 5:a<\/a><\/p>\n<h2>Trefota 10:a<\/h2>\n<p>\u00c5terigen \u00e4r det Anders \u00d6stlund som gr\u00e4vt fram en ritning. V\u00e4xeln \u00e4r en trefota &#8221;10:a&#8221;, som kanske kan betraktas som en linjev\u00e4xel. Ev. kan den kanske ritas om till en 6:a eller 4:a om man \u00e4r lite insatt i &#8221;v\u00e4xelgeometri&#8221;.<br \/>\nRitningen \u00f6ppnas i nytt f\u00f6nster som Pdf och ger utskriven en v\u00e4xelritning i skala 1:100.<br \/>\n<a href=\"http:\/\/www.smalsparigt.org\/wp-content\/uploads\/2012\/08\/891_vaxel_5.pdf\" target=\"_blank\">Trefota 10:a<\/a><\/p>\n<h2>NKlJ-v\u00e4xel (Hagfors rangerbang\u00e5rd)<\/h2>\n<p>Denna g\u00e5ng \u00e4r det Tomas Jansson som varit ute med m\u00e5ttbandet och dokumenterat en 891-v\u00e4xel i Hagfors. Normalt (??) &#8221;svenskt&#8221; utseende p\u00e5 v\u00e4xlar brukar inneb\u00e4ra att bl.a. de &#8221;l\u00e5nga&#8221; sliprarna ska vara vinkelr\u00e4ta mot bisektrisen i v\u00e4xelvinkeln och inte som brukar vara fallet med modellv\u00e4xlar, vinkelr\u00e4ta mot raksp\u00e5ret. V\u00e4xeln i Hagfors verkar dock vara ett exempel p\u00e5 den senare varianten.<br \/>\nRitningen \u00f6ppnas i nytt f\u00f6nster som Pdf och ger utskriven en v\u00e4xelritning i skala 1:100.(114,9% f\u00f6rstoring torde ge 1:87).<br \/>\n<a href=\"http:\/\/www.smalsparigt.org\/wp-content\/uploads\/2012\/08\/NKlJ_vxl.pdf\" target=\"_blank\">NKlJ-v\u00e4xel<\/a><\/p>\n<h2>891-v\u00e4xlar skannade fr\u00e5n Bantekniska byr\u00e5n ritningar<\/h2>\n<p>Niklas J\u00f6rby har h\u00e4r bidragit med inte mindre \u00e4n fyra ritningar \u00f6ver 891-v\u00e4xlar fr\u00e5n bantekniska byr\u00e5n.<br \/>\nFilerna \u00e4r pdf-filer i A4 och A3 format och ger utskrivna i 100% v\u00e4xlarna i skala 1:87. Genom att \u00e4ndra utskriftsskalan kan andra skalor \u00e5terges. F\u00f6r st\u00f6rre skalor m\u00e5ste A3 eller A2 skrivare anv\u00e4ndas.<br \/>\n<a href=\"http:\/\/www.smalsparigt.org\/wp-content\/uploads\/2012\/08\/891_9_a.pdf\" target=\"_blank\">9:a<\/a><\/p>\n<p><a href=\"http:\/\/www.smalsparigt.org\/wp-content\/uploads\/2012\/08\/891_5_a.pdf\" target=\"_blank\">5:a<\/a><\/p>\n<p><a href=\"http:\/\/www.smalsparigt.org\/wp-content\/uploads\/2012\/08\/891_trevags_11_a.pdf\" target=\"_blank\">Trev\u00e4gs 11:a<\/a><\/p>\n<p><a href=\"http:\/\/www.smalsparigt.org\/wp-content\/uploads\/2012\/08\/891_dubbelkosnings_9_a.pdf\" target=\"_blank\">Dubbelkorsnings 9:a<\/a><\/p>\n<h1>Vagnar fr\u00e5n Surahammar-Lisj\u00f6 j\u00e4rnv\u00e4g<\/h1>\n<p><a href=\"http:\/\/www.smalsparigt.org\/wp-content\/uploads\/2012\/08\/sura-personvagn-nollan.pdf\" target=\"_blank\">Personvagn skala 0<\/a><\/p>\n<p><a href=\"http:\/\/www.smalsparigt.org\/wp-content\/uploads\/2012\/08\/sura-personvagn-H0.pdf\" target=\"_blank\">Personvagn skala H0<\/a><\/p>\n<p><a href=\"http:\/\/www.smalsparigt.org\/wp-content\/uploads\/2012\/08\/sura-godsvagn-nollan1.pdf\" target=\"_blank\">Godsvagn skala 0<\/a><\/p>\n<p><a href=\"http:\/\/www.smalsparigt.org\/wp-content\/uploads\/2012\/08\/sura-godsvagn-H0.pdf\" target=\"_blank\">Godsvagn skala H0<\/a><\/p>\n<p>&nbsp;<\/p>\n<p>&nbsp;<\/p>\n<p>&nbsp;<\/p>\n","protected":false},"excerpt":{"rendered":"<p>Ritningar p\u00e5 byggnader vid Uppsala-Lenna j\u00e4rnv\u00e4g Fr\u00e5n Anders Hellgren har vi f\u00e5tt f\u00f6ljande ritningar p\u00e5 byggnader vid ULJ Ritningarna \u00e4r pdf-filer som \u00f6ppnas i nytt f\u00f6nster. Faringe stationshus innan branden 1981 B\u00e4rby godsmagasin s\u00e5som det s\u00e5g ut p\u00e5 SJ-tiden V\u00e4ntkuren i L\u00f6vstahage Kollastningsbrygga Fr\u00e5n &#8221;Banl\u00e4ra&#8221; 1915. S\u00e5 h\u00e4r st\u00e5r det i boken: &#8221;F\u00f6r kolgivning till [&hellip;]<\/p>\n","protected":false},"author":1,"featured_media":0,"parent":68,"menu_order":30,"comment_status":"open","ping_status":"open","template":"","meta":{"footnotes":""},"class_list":["post-790","page","type-page","status-publish","hentry"],"_links":{"self":[{"href":"https:\/\/smalsparigt.org\/index.php?rest_route=\/wp\/v2\/pages\/790","targetHints":{"allow":["GET"]}}],"collection":[{"href":"https:\/\/smalsparigt.org\/index.php?rest_route=\/wp\/v2\/pages"}],"about":[{"href":"https:\/\/smalsparigt.org\/index.php?rest_route=\/wp\/v2\/types\/page"}],"author":[{"embeddable":true,"href":"https:\/\/smalsparigt.org\/index.php?rest_route=\/wp\/v2\/users\/1"}],"replies":[{"embeddable":true,"href":"https:\/\/smalsparigt.org\/index.php?rest_route=%2Fwp%2Fv2%2Fcomments&post=790"}],"version-history":[{"count":21,"href":"https:\/\/smalsparigt.org\/index.php?rest_route=\/wp\/v2\/pages\/790\/revisions"}],"predecessor-version":[{"id":796,"href":"https:\/\/smalsparigt.org\/index.php?rest_route=\/wp\/v2\/pages\/790\/revisions\/796"}],"up":[{"embeddable":true,"href":"https:\/\/smalsparigt.org\/index.php?rest_route=\/wp\/v2\/pages\/68"}],"wp:attachment":[{"href":"https:\/\/smalsparigt.org\/index.php?rest_route=%2Fwp%2Fv2%2Fmedia&parent=790"}],"curies":[{"name":"wp","href":"https:\/\/api.w.org\/{rel}","templated":true}]}}