{"id":913,"date":"2012-10-07T17:58:40","date_gmt":"2012-10-07T17:58:40","guid":{"rendered":"http:\/\/www.smalsparigt.org\/?page_id=913"},"modified":"2013-03-13T16:25:02","modified_gmt":"2013-03-13T16:25:02","slug":"norra-sandby-2012","status":"publish","type":"page","link":"https:\/\/smalsparigt.org\/?page_id=913","title":{"rendered":"Norra Sandby 2012"},"content":{"rendered":"<p><a href=\"http:\/\/www.smalsparigt.org\/wp-content\/uploads\/2012\/10\/0291.jpg\"><img loading=\"lazy\" decoding=\"async\" class=\"alignleft size-large wp-image-892\" title=\"029\" src=\"http:\/\/www.smalsparigt.org\/wp-content\/uploads\/2012\/10\/0291-1024x768.jpg\" alt=\"\" width=\"1024\" height=\"768\" srcset=\"https:\/\/smalsparigt.org\/wp-content\/uploads\/2012\/10\/0291-1024x768.jpg 1024w, https:\/\/smalsparigt.org\/wp-content\/uploads\/2012\/10\/0291-300x225.jpg 300w\" sizes=\"auto, (max-width: 1024px) 100vw, 1024px\" \/><\/a><br \/>\n<em>Johan Winell hade med ett par fulsnygga lokomotorer<\/em><\/p>\n<p><a href=\"http:\/\/www.smalsparigt.org\/wp-content\/uploads\/2012\/10\/030.jpg\"><img loading=\"lazy\" decoding=\"async\" class=\"alignleft size-large wp-image-893\" title=\"030\" src=\"http:\/\/www.smalsparigt.org\/wp-content\/uploads\/2012\/10\/030-1024x768.jpg\" alt=\"\" width=\"1024\" height=\"768\" srcset=\"https:\/\/smalsparigt.org\/wp-content\/uploads\/2012\/10\/030-1024x768.jpg 1024w, https:\/\/smalsparigt.org\/wp-content\/uploads\/2012\/10\/030-300x225.jpg 300w\" sizes=\"auto, (max-width: 1024px) 100vw, 1024px\" \/><\/a><\/p>\n<p>&nbsp;<\/p>\n<p><a href=\"http:\/\/www.smalsparigt.org\/wp-content\/uploads\/2012\/10\/032.jpg\"><img loading=\"lazy\" decoding=\"async\" class=\"alignleft size-large wp-image-895\" title=\"032\" src=\"http:\/\/www.smalsparigt.org\/wp-content\/uploads\/2012\/10\/032-1024x768.jpg\" alt=\"\" width=\"1024\" height=\"768\" srcset=\"https:\/\/smalsparigt.org\/wp-content\/uploads\/2012\/10\/032-1024x768.jpg 1024w, https:\/\/smalsparigt.org\/wp-content\/uploads\/2012\/10\/032-300x225.jpg 300w\" sizes=\"auto, (max-width: 1024px) 100vw, 1024px\" \/><\/a><\/p>\n<p><em>En f\u00f6rening av stela gubbar? Det tror jag inte p\u00e5, inte efter att ha sett hur folk b\u00f6jde sig f\u00f6r att f\u00e5 den perfekta fotovinkeln.<\/em><\/p>\n<p><a href=\"http:\/\/www.smalsparigt.org\/wp-content\/uploads\/2012\/10\/036.jpg\"><img loading=\"lazy\" decoding=\"async\" class=\"alignleft size-large wp-image-896\" title=\"036\" src=\"http:\/\/www.smalsparigt.org\/wp-content\/uploads\/2012\/10\/036-1024x768.jpg\" alt=\"\" width=\"1024\" height=\"768\" srcset=\"https:\/\/smalsparigt.org\/wp-content\/uploads\/2012\/10\/036-1024x768.jpg 1024w, https:\/\/smalsparigt.org\/wp-content\/uploads\/2012\/10\/036-300x225.jpg 300w\" sizes=\"auto, (max-width: 1024px) 100vw, 1024px\" \/><\/a><\/p>\n<p><em>N\u00e5gra yngre gubbar st\u00e5r lika obekv\u00e4mt f\u00f6r att f\u00e5 upp sin anl\u00e4ggning<\/em><\/p>\n<p><a href=\"http:\/\/www.smalsparigt.org\/wp-content\/uploads\/2012\/10\/050.jpg\"><img loading=\"lazy\" decoding=\"async\" class=\"alignleft size-large wp-image-901\" title=\"050\" src=\"http:\/\/www.smalsparigt.org\/wp-content\/uploads\/2012\/10\/050-1024x768.jpg\" alt=\"\" width=\"1024\" height=\"768\" srcset=\"https:\/\/smalsparigt.org\/wp-content\/uploads\/2012\/10\/050-1024x768.jpg 1024w, https:\/\/smalsparigt.org\/wp-content\/uploads\/2012\/10\/050-300x225.jpg 300w\" sizes=\"auto, (max-width: 1024px) 100vw, 1024px\" \/><\/a><\/p>\n<p><em>Och s\u00e5 snyggt blev resultatet av anstr\u00e4ngningen<\/em><\/p>\n<p><a href=\"http:\/\/www.smalsparigt.org\/wp-content\/uploads\/2012\/10\/031.jpg\"><img loading=\"lazy\" decoding=\"async\" class=\"alignleft size-large wp-image-894\" title=\"031\" src=\"http:\/\/www.smalsparigt.org\/wp-content\/uploads\/2012\/10\/031-1024x768.jpg\" alt=\"\" width=\"1024\" height=\"768\" srcset=\"https:\/\/smalsparigt.org\/wp-content\/uploads\/2012\/10\/031-1024x768.jpg 1024w, https:\/\/smalsparigt.org\/wp-content\/uploads\/2012\/10\/031-300x225.jpg 300w\" sizes=\"auto, (max-width: 1024px) 100vw, 1024px\" \/><\/a><\/p>\n<p><em>Det fanns \u00e5tskilliga b\u00e5tmodeller<\/em><\/p>\n<p><a href=\"http:\/\/www.smalsparigt.org\/wp-content\/uploads\/2012\/10\/037.jpg\"><img loading=\"lazy\" decoding=\"async\" class=\"alignleft size-large wp-image-897\" title=\"037\" src=\"http:\/\/www.smalsparigt.org\/wp-content\/uploads\/2012\/10\/037-1024x768.jpg\" alt=\"\" width=\"1024\" height=\"768\" srcset=\"https:\/\/smalsparigt.org\/wp-content\/uploads\/2012\/10\/037-1024x768.jpg 1024w, https:\/\/smalsparigt.org\/wp-content\/uploads\/2012\/10\/037-300x225.jpg 300w\" sizes=\"auto, (max-width: 1024px) 100vw, 1024px\" \/><\/a><\/p>\n<p>&nbsp;<\/p>\n<p><a href=\"http:\/\/www.smalsparigt.org\/wp-content\/uploads\/2012\/10\/038.jpg\"><img loading=\"lazy\" decoding=\"async\" class=\"alignleft size-large wp-image-898\" title=\"038\" src=\"http:\/\/www.smalsparigt.org\/wp-content\/uploads\/2012\/10\/038-1024x768.jpg\" alt=\"\" width=\"1024\" height=\"768\" srcset=\"https:\/\/smalsparigt.org\/wp-content\/uploads\/2012\/10\/038-1024x768.jpg 1024w, https:\/\/smalsparigt.org\/wp-content\/uploads\/2012\/10\/038-300x225.jpg 300w\" sizes=\"auto, (max-width: 1024px) 100vw, 1024px\" \/><\/a><\/p>\n<p><em>En del f\u00f6rs\u00f6kte bygga s\u00e5 litet som m\u00f6jligt<\/em><\/p>\n<p><a href=\"http:\/\/www.smalsparigt.org\/wp-content\/uploads\/2012\/10\/034.jpg\"><img loading=\"lazy\" decoding=\"async\" class=\"alignleft size-large wp-image-930\" title=\"034\" src=\"http:\/\/www.smalsparigt.org\/wp-content\/uploads\/2012\/10\/034-1024x768.jpg\" alt=\"\" width=\"1024\" height=\"768\" srcset=\"https:\/\/smalsparigt.org\/wp-content\/uploads\/2012\/10\/034-1024x768.jpg 1024w, https:\/\/smalsparigt.org\/wp-content\/uploads\/2012\/10\/034-300x225.jpg 300w\" sizes=\"auto, (max-width: 1024px) 100vw, 1024px\" \/><\/a><\/p>\n<p><em>Medan andra bygger s\u00e5 stort det bara g\u00e5r<\/em><\/p>\n<p><a href=\"http:\/\/www.smalsparigt.org\/wp-content\/uploads\/2012\/10\/039.jpg\"><img loading=\"lazy\" decoding=\"async\" class=\"alignleft size-large wp-image-899\" title=\"039\" src=\"http:\/\/www.smalsparigt.org\/wp-content\/uploads\/2012\/10\/039-1024x768.jpg\" alt=\"\" width=\"1024\" height=\"768\" srcset=\"https:\/\/smalsparigt.org\/wp-content\/uploads\/2012\/10\/039-1024x768.jpg 1024w, https:\/\/smalsparigt.org\/wp-content\/uploads\/2012\/10\/039-300x225.jpg 300w\" sizes=\"auto, (max-width: 1024px) 100vw, 1024px\" \/><\/a><\/p>\n<p><em>K\u00e4rrgruvans f\u00f6rsta station &#8211; en av Sveriges f\u00f6rsta smalsp\u00e5rsstationer<\/em><\/p>\n<p><a href=\"http:\/\/www.smalsparigt.org\/wp-content\/uploads\/2012\/10\/046.jpg\"><img loading=\"lazy\" decoding=\"async\" class=\"alignleft size-large wp-image-900\" title=\"046\" src=\"http:\/\/www.smalsparigt.org\/wp-content\/uploads\/2012\/10\/046-1024x768.jpg\" alt=\"\" width=\"1024\" height=\"768\" srcset=\"https:\/\/smalsparigt.org\/wp-content\/uploads\/2012\/10\/046-1024x768.jpg 1024w, https:\/\/smalsparigt.org\/wp-content\/uploads\/2012\/10\/046-300x225.jpg 300w\" sizes=\"auto, (max-width: 1024px) 100vw, 1024px\" \/><\/a><\/p>\n<p><em>S\u00e5 h\u00e4r snygga lokf\u00e4rger fanns det p\u00e5 40-talet. N\u00e5got helt annat \u00e4n ett gr\u00e5strist X200<\/em><\/p>\n<p><a href=\"http:\/\/www.smalsparigt.org\/wp-content\/uploads\/2012\/10\/051.jpg\"><img loading=\"lazy\" decoding=\"async\" class=\"alignleft size-large wp-image-902\" title=\"051\" src=\"http:\/\/www.smalsparigt.org\/wp-content\/uploads\/2012\/10\/051-1024x768.jpg\" alt=\"\" width=\"1024\" height=\"768\" srcset=\"https:\/\/smalsparigt.org\/wp-content\/uploads\/2012\/10\/051-1024x768.jpg 1024w, https:\/\/smalsparigt.org\/wp-content\/uploads\/2012\/10\/051-300x225.jpg 300w\" sizes=\"auto, (max-width: 1024px) 100vw, 1024px\" \/><\/a><\/p>\n<p>&nbsp;<\/p>\n<p><a href=\"http:\/\/www.smalsparigt.org\/wp-content\/uploads\/2012\/10\/052.jpg\"><img loading=\"lazy\" decoding=\"async\" class=\"alignleft size-large wp-image-903\" title=\"052\" src=\"http:\/\/www.smalsparigt.org\/wp-content\/uploads\/2012\/10\/052-1024x768.jpg\" alt=\"\" width=\"1024\" height=\"768\" srcset=\"https:\/\/smalsparigt.org\/wp-content\/uploads\/2012\/10\/052-1024x768.jpg 1024w, https:\/\/smalsparigt.org\/wp-content\/uploads\/2012\/10\/052-300x225.jpg 300w\" sizes=\"auto, (max-width: 1024px) 100vw, 1024px\" \/><\/a><\/p>\n<p>&nbsp;<\/p>\n<p><a href=\"http:\/\/www.smalsparigt.org\/wp-content\/uploads\/2012\/10\/054.jpg\"><img loading=\"lazy\" decoding=\"async\" class=\"alignleft size-large wp-image-904\" title=\"054\" src=\"http:\/\/www.smalsparigt.org\/wp-content\/uploads\/2012\/10\/054-1024x768.jpg\" alt=\"\" width=\"1024\" height=\"768\" srcset=\"https:\/\/smalsparigt.org\/wp-content\/uploads\/2012\/10\/054-1024x768.jpg 1024w, https:\/\/smalsparigt.org\/wp-content\/uploads\/2012\/10\/054-300x225.jpg 300w\" sizes=\"auto, (max-width: 1024px) 100vw, 1024px\" \/><\/a><\/p>\n<p>&nbsp;<\/p>\n<p><a href=\"http:\/\/www.smalsparigt.org\/wp-content\/uploads\/2012\/10\/058.jpg\"><img loading=\"lazy\" decoding=\"async\" class=\"alignleft size-large wp-image-905\" title=\"058\" src=\"http:\/\/www.smalsparigt.org\/wp-content\/uploads\/2012\/10\/058-1024x768.jpg\" alt=\"\" width=\"1024\" height=\"768\" srcset=\"https:\/\/smalsparigt.org\/wp-content\/uploads\/2012\/10\/058-1024x768.jpg 1024w, https:\/\/smalsparigt.org\/wp-content\/uploads\/2012\/10\/058-300x225.jpg 300w\" sizes=\"auto, (max-width: 1024px) 100vw, 1024px\" \/><\/a><\/p>\n<p><em>Anders Bondesson visade bygge av granar och stenmurar<\/em><\/p>\n<p><a href=\"http:\/\/www.smalsparigt.org\/wp-content\/uploads\/2012\/10\/060.jpg\"><img loading=\"lazy\" decoding=\"async\" class=\"alignleft size-large wp-image-906\" title=\"060\" src=\"http:\/\/www.smalsparigt.org\/wp-content\/uploads\/2012\/10\/060-1024x768.jpg\" alt=\"\" width=\"1024\" height=\"768\" srcset=\"https:\/\/smalsparigt.org\/wp-content\/uploads\/2012\/10\/060-1024x768.jpg 1024w, https:\/\/smalsparigt.org\/wp-content\/uploads\/2012\/10\/060-300x225.jpg 300w\" sizes=\"auto, (max-width: 1024px) 100vw, 1024px\" \/><\/a><\/p>\n<p><em>\u00a0Stort intresse f\u00f6r f\u00f6revisningen<\/em><\/p>\n<p><a href=\"http:\/\/www.smalsparigt.org\/wp-content\/uploads\/2012\/10\/062.jpg\"><img loading=\"lazy\" decoding=\"async\" class=\"alignleft size-large wp-image-907\" title=\"062\" src=\"http:\/\/www.smalsparigt.org\/wp-content\/uploads\/2012\/10\/062-1024x768.jpg\" alt=\"\" width=\"1024\" height=\"768\" srcset=\"https:\/\/smalsparigt.org\/wp-content\/uploads\/2012\/10\/062-1024x768.jpg 1024w, https:\/\/smalsparigt.org\/wp-content\/uploads\/2012\/10\/062-300x225.jpg 300w\" sizes=\"auto, (max-width: 1024px) 100vw, 1024px\" \/><\/a><\/p>\n<p><em>\u00d6stg\u00f6tska modeller \u00e4r aldrig fel!<\/em><\/p>\n<p><a href=\"http:\/\/www.smalsparigt.org\/wp-content\/uploads\/2012\/10\/063.jpg\"><img loading=\"lazy\" decoding=\"async\" class=\"alignleft size-large wp-image-908\" title=\"063\" src=\"http:\/\/www.smalsparigt.org\/wp-content\/uploads\/2012\/10\/063-1024x768.jpg\" alt=\"\" width=\"1024\" height=\"768\" srcset=\"https:\/\/smalsparigt.org\/wp-content\/uploads\/2012\/10\/063-1024x768.jpg 1024w, https:\/\/smalsparigt.org\/wp-content\/uploads\/2012\/10\/063-300x225.jpg 300w\" sizes=\"auto, (max-width: 1024px) 100vw, 1024px\" \/><\/a><\/p>\n<p><em>Glada f\u00f6rs\u00e4ljare fanns det gott om<\/em><\/p>\n<p><a href=\"http:\/\/www.smalsparigt.org\/wp-content\/uploads\/2012\/10\/067.jpg\"><img loading=\"lazy\" decoding=\"async\" class=\"alignleft size-large wp-image-909\" title=\"067\" src=\"http:\/\/www.smalsparigt.org\/wp-content\/uploads\/2012\/10\/067-1024x768.jpg\" alt=\"\" width=\"1024\" height=\"768\" srcset=\"https:\/\/smalsparigt.org\/wp-content\/uploads\/2012\/10\/067-1024x768.jpg 1024w, https:\/\/smalsparigt.org\/wp-content\/uploads\/2012\/10\/067-300x225.jpg 300w\" sizes=\"auto, (max-width: 1024px) 100vw, 1024px\" \/><\/a><\/p>\n<p>&nbsp;<\/p>\n<p><a href=\"http:\/\/www.smalsparigt.org\/wp-content\/uploads\/2012\/10\/068.jpg\"><img loading=\"lazy\" decoding=\"async\" class=\"alignleft size-large wp-image-910\" title=\"068\" src=\"http:\/\/www.smalsparigt.org\/wp-content\/uploads\/2012\/10\/068-1024x768.jpg\" alt=\"\" width=\"1024\" height=\"768\" srcset=\"https:\/\/smalsparigt.org\/wp-content\/uploads\/2012\/10\/068-1024x768.jpg 1024w, https:\/\/smalsparigt.org\/wp-content\/uploads\/2012\/10\/068-300x225.jpg 300w\" sizes=\"auto, (max-width: 1024px) 100vw, 1024px\" \/><\/a><\/p>\n<p><em>En annan glad f\u00f6rs\u00e4ljare s\u00e5ld diverse flaskor, en del f\u00f6r utv\u00e4rtes och en del f\u00f6r inv\u00e4rtes bruk. (F.\u00f6. fanns det bord d\u00e4r man s\u00e5lde vitt pulver i sm\u00e5p\u00e5sar och det talades om syra&#8230;..)<\/em><\/p>\n<p><a href=\"http:\/\/www.smalsparigt.org\/wp-content\/uploads\/2012\/10\/071.jpg\"><img loading=\"lazy\" decoding=\"async\" class=\"alignleft size-large wp-image-912\" title=\"071\" src=\"http:\/\/www.smalsparigt.org\/wp-content\/uploads\/2012\/10\/071-1024x768.jpg\" alt=\"\" width=\"1024\" height=\"768\" srcset=\"https:\/\/smalsparigt.org\/wp-content\/uploads\/2012\/10\/071-1024x768.jpg 1024w, https:\/\/smalsparigt.org\/wp-content\/uploads\/2012\/10\/071-300x225.jpg 300w\" sizes=\"auto, (max-width: 1024px) 100vw, 1024px\" \/><\/a><\/p>\n","protected":false},"excerpt":{"rendered":"<p>Johan Winell hade med ett par fulsnygga lokomotorer &nbsp; En f\u00f6rening av stela gubbar? Det tror jag inte p\u00e5, inte efter att ha sett hur folk b\u00f6jde sig f\u00f6r att f\u00e5 den perfekta fotovinkeln. N\u00e5gra yngre gubbar st\u00e5r lika obekv\u00e4mt f\u00f6r att f\u00e5 upp sin anl\u00e4ggning Och s\u00e5 snyggt blev resultatet av anstr\u00e4ngningen Det fanns [&hellip;]<\/p>\n","protected":false},"author":1,"featured_media":0,"parent":226,"menu_order":20,"comment_status":"open","ping_status":"open","template":"","meta":{"footnotes":""},"class_list":["post-913","page","type-page","status-publish","hentry"],"_links":{"self":[{"href":"https:\/\/smalsparigt.org\/index.php?rest_route=\/wp\/v2\/pages\/913","targetHints":{"allow":["GET"]}}],"collection":[{"href":"https:\/\/smalsparigt.org\/index.php?rest_route=\/wp\/v2\/pages"}],"about":[{"href":"https:\/\/smalsparigt.org\/index.php?rest_route=\/wp\/v2\/types\/page"}],"author":[{"embeddable":true,"href":"https:\/\/smalsparigt.org\/index.php?rest_route=\/wp\/v2\/users\/1"}],"replies":[{"embeddable":true,"href":"https:\/\/smalsparigt.org\/index.php?rest_route=%2Fwp%2Fv2%2Fcomments&post=913"}],"version-history":[{"count":20,"href":"https:\/\/smalsparigt.org\/index.php?rest_route=\/wp\/v2\/pages\/913\/revisions"}],"predecessor-version":[{"id":1037,"href":"https:\/\/smalsparigt.org\/index.php?rest_route=\/wp\/v2\/pages\/913\/revisions\/1037"}],"up":[{"embeddable":true,"href":"https:\/\/smalsparigt.org\/index.php?rest_route=\/wp\/v2\/pages\/226"}],"wp:attachment":[{"href":"https:\/\/smalsparigt.org\/index.php?rest_route=%2Fwp%2Fv2%2Fmedia&parent=913"}],"curies":[{"name":"wp","href":"https:\/\/api.w.org\/{rel}","templated":true}]}}